{"id":5039,"date":"2024-12-13T11:03:25","date_gmt":"2024-12-13T10:03:25","guid":{"rendered":"https:\/\/mediterraneanwear.com\/enviaments\/"},"modified":"2025-05-13T09:16:01","modified_gmt":"2025-05-13T08:16:01","slug":"enviaments","status":"publish","type":"page","link":"https:\/\/mediterraneanwear.com\/ca\/enviaments\/","title":{"rendered":"Enviaments"},"content":{"rendered":"\n<h1 class=\"wp-block-heading has-text-align-center\" style=\"padding-right:0;padding-left:0\">Enviaments<\/h1>\n\n<div id=\"pc\" class=\"wp-block-group is-vertical is-content-justification-left is-layout-flex wp-container-core-group-is-layout-91b0ceed wp-block-group-is-layout-flex\" style=\"margin-bottom:var(--wp--preset--spacing--60);padding-right:var(--wp--preset--spacing--80);padding-left:var(--wp--preset--spacing--80)\">\n<h3 class=\"wp-block-heading\">Quan trigar\u00e0 a arribar la meva comanda?<\/h3>\n\n\n\n<p>En cas que procedeixi de la zona geogr\u00e0fica de la pen\u00ednsula o Illes Balears, el temps de lliurament sol ser de tres o quatre dies.<\/p>\n\n\n\n<p>Per a enviaments a les Illes Can\u00e0ries, consulteu a botiga@mediterraneanwear.com.<\/p>\n\n\n\n<p>En el cas dEuropa, el temps de lliurament \u00e9s daproximadament 8 dies.  <br\/><br\/><br\/><strong>Cal tenir en compte:<\/strong><\/p>\n\n\n\n<p>Si fas la compra en dissabte, diumenge o festiu, l&#8217;enviament es tramitar\u00e0 el primer dia laborable posterior al dia de la realitzaci\u00f3 de la comanda.<\/p>\n\n\n\n<p>Els caps de setmana s\u00f3n dies inh\u00e0bils (tant al nostre magatzem com al transport) per la qual cosa no es comptabilitzaran en el total dels dies.<\/p>\n\n\n\n<p>El temps estimat per al lliurament de la teva comanda \u00e9s el que hem detallat al primer punt. Atesa la circumst\u00e0ncia que aquest per\u00edode pogu\u00e9s allargar-se a causa de qualsevol incident en la gesti\u00f3 del mateix ser\u00e0 notificat quan abans. <\/p>\n\n\n\n<p>Tots els articles estan subjectes a la disponibilitat del nostre magatzem. En cas de no poder enviar algun producte, ens reservem el dret d&#8217;avisar mitjan\u00e7ant correu electr\u00f2nic o tel\u00e8fon, oferint articles similars. Si no voleu fer\/canviar la comanda per aquests articles substitutius, us reemborsarem l&#8217;import de l&#8217;article\/articles que no puguem enviar.  <\/p>\n\n\n\n<p>En per\u00edodes de forta activitat, (Nadal, Ponts), els temps de lliurament poden variar.<\/p>\n\n\n\n<h2 class=\"wp-block-heading\"><br\/>Puc comprar a mediterraneanwear.com des d&#8217;un altre pa\u00eds que no sigui Espanya?<\/h2>\n\n\n\n<p>La nostra p\u00e0gina mediterraneanwear.com, permet la compra dels nostres articles des de la Pen\u00ednsula i les Balears.<\/p>\n\n\n\n<p>A Europa pots comprar els nostres articles des de Fran\u00e7a, Alemanya, Holanda, Luxemburg i B\u00e8lgica. A partir d&#8217;aquest any tamb\u00e9 hem afegit Portugal (zona continental), It\u00e0lia, Dinamarca i \u00c0ustria. <br\/><br\/>Per a altres pa\u00efsos (Resta de pa\u00efsos de la UE) pots enviar-nos un mail a botiga@mediterraneanwear.com, amb els articles que li interessen i nosaltres li farem una valoraci\u00f3, sense comprom\u00eds per part teva.<\/p>\n\n\n\n<p><br\/>En comandes realitzades a les Illes Can\u00e0ries, Ceuta i Melilla, i en enviaments internacionals el client ser\u00e0 l&#8217;\u00fanic responsable de les despeses addicionals que aquest enviament pugui generar, com ara despeses banc\u00e0ries, de duanes o declaracions d&#8217;impostos.<\/p>\n\n\n\n<h2 class=\"wp-block-heading\">On puc rebre la meva compra?<\/h2>\n\n\n\n<p><br\/>L&#8217;adre\u00e7a de lliurament pot ser diferent de l&#8217;adre\u00e7a del comprador, cosa que pot resultar \u00fatil per fer un regal o per rebre la comanda a la feina o si us trobeu fora del vostre domicili habitual.<\/p>\n\n\n\n<p>La vostra compra ser\u00e0 enviada a l&#8217;adre\u00e7a de lliurament que indiqueu a les vostres dades d&#8217;enviament.<\/p>\n\n\n\n<p><br\/>Tenim disponible la recollida de comandes a la nostra botiga f\u00edsica de Lloret de Mar. Per tant, podeu marcar l&#8217;opci\u00f3 de \u201crecollida a la botiga\u201d i us avisarem per mail quan la comanda estigui a punt per ser recollida. Aquesta opci\u00f3 \u00e9s totalment gratu\u00efta.  <\/p>\n\n\n\n<p><br\/>En cas de no trobar-se a casa en el moment del lliurament, el transportista es posar\u00e0 en contacte per tel\u00e8fon o correu electr\u00f2nic per concertar el lliurament. \u00c9s important que disposem de les vostres dades completes per poder contactar. <\/p>\n\n\n\n<h2 class=\"wp-block-heading\"><br\/>Quan costen les despeses d&#8217;enviament?<\/h2>\n\n\n\n<p>Pen\u00ednsula \u2026\u2026\u2026\u2026\u2026\u2026&#8230;7\u20ac<\/p>\n\n\n\n<p>Balears \u2026\u2026\u2026\u2026\u2026.\u2026.15\u20ac<\/p>\n\n\n\n<p>Portugal&#8230;&#8230;&#8230;&#8230;&#8230;. 10\u20ac <\/p>\n\n\n\n<p>Fran\u00e7a \u2026\u2026\u2026\u2026..\u2026\u2026..20\u20ac<br\/><br\/><br\/> Resta d&#8217;Europa * \u2026&#8230;25\u20ac (Alemanya, Holanda, Luxemburg, B\u00e8lgica, It\u00e0lia, Dinamarca i \u00c0ustria)  <\/p>\n\n\n\n<p>Per a m\u00e9s informaci\u00f3, conegueu el cost d&#8217;un enviament i altres detalls, escriviu-nos a botiga@mediterraneanwear.com.<\/p>\n\n\n\n<p><strong>Nota:<\/strong> Actualment la nostra web est\u00e0 adaptada per a enviaments als pa\u00efsos esmentats anteriorment. En cas d&#8217;enviaments a altres pa\u00efsos (pertanyents a la UE) contacteu amb nosaltres a tienda@mediterraneanwear.com. Se us far\u00e0 un pressupost de la comanda amb les despeses d&#8217;enviament per sol\u00b7licitar-ne l&#8217;aprovaci\u00f3 abans de preparar l&#8217;enviament.  <br\/><\/p>\n\n\n\n<h2 class=\"wp-block-heading\">Amb quina empresa de transport enviem el paquet?<\/h2>\n\n\n\n<p>Com a norma general, treballem amb GLS. En cas que ho considerem necessari, ens reservem la possibilitat de poder fer servir un altre mitj\u00e0 de transport. En aquest cas, si aquest canvi pot variar alguna de les condicions de lliurament, se us comunicar\u00e0 per mail.  <\/p>\n\n\n\n<p>Quan la vostra comanda estigui en cam\u00ed rebr\u00e0 un correu amb la notificaci\u00f3.<\/p>\n\n\n\n<h2 class=\"wp-block-heading\">Com puc fer el seguiment de la meva comanda?<\/h2>\n\n\n\n<p>Mediterraneanwear us informar\u00e0 del proc\u00e9s de preparaci\u00f3 i enviament de la vostra comanda per correu electr\u00f2nic. Tamb\u00e9 podeu entrar al vostre compte, accedir a la comanda i fer-ne el seguiment. Quan Mediterraneanwear lliuri el paquet a l&#8217;empresa de transport, ser\u00e0 aquesta la que us informar\u00e0 del seguiment del paquet.  <\/p>\n\n\n\n<h2 class=\"wp-block-heading\"><br\/>Quines formes de pagament hi ha disponibles?<\/h2>\n\n\n\n<ul class=\"wp-block-list\">\n<li>Targeta de cr\u00e8dit (VISA, MASTERCARD)<\/li>\n\n\n\n<li>PayPal<\/li>\n\n\n\n<li>Transfer\u00e8ncia banc\u00e0ria<\/li>\n\n\n\n<li>bizum<\/li>\n\n\n\n<li>Contra reemborsament (per a Pen\u00ednsula)<\/li>\n<\/ul>\n\n\n\n<p><br\/>En cas de pagament contra reemborsament, s&#8217;aplicar\u00e0 un pagament de 3\u20ac per despeses de gesti\u00f3.<\/p>\n\n\n\n<p><\/p>\n<\/div>\n\n<div id=\"mobil\" class=\"wp-block-group is-vertical is-content-justification-left is-layout-flex wp-container-core-group-is-layout-1472f0b0 wp-block-group-is-layout-flex\" style=\"margin-bottom:var(--wp--preset--spacing--60);padding-right:0;padding-left:0\">\n<h3 class=\"wp-block-heading\">Quan trigar\u00e0 a arribar la meva comanda?<\/h3>\n\n\n\n<p>En cas que procedeixi de la zona geogr\u00e0fica de la pen\u00ednsula o Illes Balears, el temps de lliurament sol ser de tres o quatre dies.<\/p>\n\n\n\n<p>Per a enviaments a les Illes Can\u00e0ries, consulteu a botiga@mediterraneanwear.com.<\/p>\n\n\n\n<p>En el cas dEuropa, el temps de lliurament \u00e9s daproximadament 8 dies.  <br\/><br\/><br\/><strong>Cal tenir en compte:<\/strong><\/p>\n\n\n\n<p>Si fas la compra en dissabte, diumenge o festiu, l&#8217;enviament es tramitar\u00e0 el primer dia laborable posterior al dia de la realitzaci\u00f3 de la comanda.<\/p>\n\n\n\n<p>Els caps de setmana s\u00f3n dies inh\u00e0bils (tant al nostre magatzem com al transport) per la qual cosa no es comptabilitzaran en el total dels dies.<\/p>\n\n\n\n<p>El temps estimat per al lliurament de la teva comanda \u00e9s el que hem detallat al primer punt. Atesa la circumst\u00e0ncia que aquest per\u00edode pogu\u00e9s allargar-se a causa de qualsevol incident en la gesti\u00f3 del mateix ser\u00e0 notificat quan abans. <\/p>\n\n\n\n<p>Tots els articles estan subjectes a la disponibilitat del nostre magatzem. En cas de no poder enviar algun producte, ens reservem el dret d&#8217;avisar mitjan\u00e7ant correu electr\u00f2nic o tel\u00e8fon, oferint articles similars. Si no voleu fer\/canviar la comanda per aquests articles substitutius, us reemborsarem l&#8217;import de l&#8217;article\/articles que no puguem enviar.  <\/p>\n\n\n\n<p>En per\u00edodes de forta activitat, (Nadal, Ponts), els temps de lliurament poden variar.<\/p>\n\n\n\n<h2 class=\"wp-block-heading\"><br\/>Puc comprar des d&#8217;un altre pa\u00eds que no sigui Espanya?<\/h2>\n\n\n\n<p>La nostra p\u00e0gina mediterraneanwear.com, permet la compra dels nostres articles des de la Pen\u00ednsula i les Balears.<\/p>\n\n\n\n<p>A Europa pots comprar els nostres articles des de Fran\u00e7a, Alemanya, Holanda, Luxemburg i B\u00e8lgica. A partir d&#8217;aquest any tamb\u00e9 hem afegit Portugal (zona continental), It\u00e0lia, Dinamarca i \u00c0ustria. <br\/><br\/>Per a altres pa\u00efsos (Resta de pa\u00efsos de la UE) pots enviar-nos un mail a botiga@mediterraneanwear.com, amb els articles que li interessen i nosaltres li farem una valoraci\u00f3, sense comprom\u00eds per part teva.<\/p>\n\n\n\n<p><br\/>En comandes realitzades a les Illes Can\u00e0ries, Ceuta i Melilla, i en enviaments internacionals el client ser\u00e0 l&#8217;\u00fanic responsable de les despeses addicionals que aquest enviament pugui generar, com ara despeses banc\u00e0ries, de duanes o declaracions d&#8217;impostos.<\/p>\n\n\n\n<h2 class=\"wp-block-heading\">On puc rebre la meva compra?<\/h2>\n\n\n\n<p><br\/>L&#8217;adre\u00e7a de lliurament pot ser diferent de l&#8217;adre\u00e7a del comprador, cosa que pot resultar \u00fatil per fer un regal o per rebre la comanda a la feina o si us trobeu fora del vostre domicili habitual.<\/p>\n\n\n\n<p>La vostra compra ser\u00e0 enviada a l&#8217;adre\u00e7a de lliurament que indiqueu a les vostres dades d&#8217;enviament.<\/p>\n\n\n\n<p><br\/>Tenim disponible la recollida de comandes a la nostra botiga f\u00edsica de Lloret de Mar. Per tant, podeu marcar l&#8217;opci\u00f3 de \u201crecollida a la botiga\u201d i us avisarem per mail quan la comanda estigui a punt per ser recollida. Aquesta opci\u00f3 \u00e9s totalment gratu\u00efta.  <\/p>\n\n\n\n<p><br\/>En cas de no trobar-se a casa en el moment del lliurament, el transportista es posar\u00e0 en contacte per tel\u00e8fon o correu electr\u00f2nic per concertar el lliurament. \u00c9s important que disposem de les vostres dades completes per poder contactar. <\/p>\n\n\n\n<h2 class=\"wp-block-heading\"><br\/>Quan costen les despeses d&#8217;enviament?<\/h2>\n\n\n\n<p>Pen\u00ednsula \u2026\u2026\u2026\u2026\u2026\u20266\u20ac<\/p>\n\n\n\n<p>Balears \u2026\u2026\u2026\u2026\u2026.\u2026.15\u20ac<\/p>\n\n\n\n<p>Portugal&#8230;&#8230;&#8230;&#8230;&#8230;&#8230;.. 10\u20ac<\/p>\n\n\n\n<p>Fran\u00e7a \u2026\u2026\u2026\u2026..\u2026\u2026. 20\u20ac<br\/><br\/>Resta d&#8217;Europa * \u2026&#8230;25\u20ac (Alemanya, Holanda, Luxemburg, B\u00e8lgica, It\u00e0lia, Dinamarca i \u00c0ustria) <\/p>\n\n\n\n<p>Per a m\u00e9s informaci\u00f3, conegueu el cost d&#8217;un enviament i altres detalls, escriviu-nos a botiga@mediterraneanwear.com.<\/p>\n\n\n\n<p><strong>Nota:<\/strong> Actualment la nostra web est\u00e0 adaptada per a enviaments als pa\u00efsos esmentats anteriorment. En cas d&#8217;enviaments a altres pa\u00efsos (pertanyents a la UE) contacteu amb nosaltres a tienda@mediterraneanwear.com. Se us far\u00e0 un pressupost de la comanda amb les despeses d&#8217;enviament per sol\u00b7licitar-ne l&#8217;aprovaci\u00f3 abans de preparar l&#8217;enviament.  <br\/><\/p>\n\n\n\n<h2 class=\"wp-block-heading\">Amb quina empresa de transport enviem el paquet?<\/h2>\n\n\n\n<p>Com a norma general, treballem amb GLS. En cas que ho considerem necessari, ens reservem la possibilitat de poder fer servir un altre mitj\u00e0 de transport. En aquest cas, si aquest canvi pot variar alguna de les condicions de lliurament, se us comunicar\u00e0 per mail.  <\/p>\n\n\n\n<p>Quan la vostra comanda estigui en cam\u00ed rebr\u00e0 un correu amb la notificaci\u00f3.<\/p>\n\n\n\n<h2 class=\"wp-block-heading\">Com puc fer el seguiment de la meva comanda?<\/h2>\n\n\n\n<p>Mediterraneanwear us informar\u00e0 del proc\u00e9s de preparaci\u00f3 i enviament de la vostra comanda per correu electr\u00f2nic. Tamb\u00e9 podeu entrar al vostre compte, accedir a la comanda i fer-ne el seguiment. Quan Mediterraneanwear lliuri el paquet a l&#8217;empresa de transport, ser\u00e0 aquesta la que us informar\u00e0 del seguiment del paquet.  <\/p>\n\n\n\n<h2 class=\"wp-block-heading\"><br\/>Quines formes de pagament hi ha disponibles?<\/h2>\n\n\n\n<ul class=\"wp-block-list\">\n<li>Targeta de cr\u00e8dit (VISA, MASTERCARD)<\/li>\n\n\n\n<li>PayPal<\/li>\n\n\n\n<li>Transfer\u00e8ncia banc\u00e0ria<\/li>\n\n\n\n<li>Contra reemborsament (per a Pen\u00ednsula)<\/li>\n<\/ul>\n\n\n\n<p><br\/>En cas de pagament contra reemborsament, s&#8217;aplicar\u00e0 un pagament de 3\u20ac per despeses de gesti\u00f3.<\/p>\n\n\n\n<p><\/p>\n<\/div>\n","protected":false},"excerpt":{"rendered":"<p>Enviaments Quan trigar\u00e0 a arribar la meva comanda? En cas que procedeixi de la zona geogr\u00e0fica de la pen\u00ednsula o Illes Balears, el temps de lliurament sol ser de tres o quatre dies. Per a enviaments a les Illes Can\u00e0ries, consulteu a botiga@mediterraneanwear.com. En el cas dEuropa, el temps de lliurament \u00e9s daproximadament 8 dies. [&hellip;]<\/p>\n","protected":false},"author":1,"featured_media":0,"parent":0,"menu_order":0,"comment_status":"closed","ping_status":"closed","template":"","meta":{"footnotes":""},"class_list":["post-5039","page","type-page","status-publish","hentry"],"blocksy_meta":[],"yoast_head":"<!-- This site is optimized with the Yoast SEO plugin v27.4 - https:\/\/yoast.com\/product\/yoast-seo-wordpress\/ -->\n<title>Enviaments - Mediterranean Wear<\/title>\n<meta name=\"robots\" content=\"index, follow, max-snippet:-1, max-image-preview:large, max-video-preview:-1\" \/>\n<link rel=\"canonical\" href=\"https:\/\/mediterraneanwear.com\/ca\/enviaments\/\" \/>\n<meta property=\"og:locale\" content=\"ca_ES\" \/>\n<meta property=\"og:type\" content=\"article\" \/>\n<meta property=\"og:title\" content=\"Enviaments - Mediterranean Wear\" \/>\n<meta property=\"og:description\" content=\"Enviaments Quan trigar\u00e0 a arribar la meva comanda? En cas que procedeixi de la zona geogr\u00e0fica de la pen\u00ednsula o Illes Balears, el temps de lliurament sol ser de tres o quatre dies. Per a enviaments a les Illes Can\u00e0ries, consulteu a botiga@mediterraneanwear.com. En el cas dEuropa, el temps de lliurament \u00e9s daproximadament 8 dies. [&hellip;]\" \/>\n<meta property=\"og:url\" content=\"https:\/\/mediterraneanwear.com\/ca\/enviaments\/\" \/>\n<meta property=\"og:site_name\" content=\"Mediterranean Wear\" \/>\n<meta property=\"article:publisher\" content=\"https:\/\/www.facebook.com\/mediterraneanwear\/\" \/>\n<meta property=\"article:modified_time\" content=\"2025-05-13T08:16:01+00:00\" \/>\n<meta name=\"twitter:card\" content=\"summary_large_image\" \/>\n<meta name=\"twitter:label1\" content=\"Temps estimat de lectura\" \/>\n\t<meta name=\"twitter:data1\" content=\"8 minuts\" \/>\n<script type=\"application\/ld+json\" class=\"yoast-schema-graph\">{\"@context\":\"https:\\\/\\\/schema.org\",\"@graph\":[{\"@type\":\"WebPage\",\"@id\":\"https:\\\/\\\/mediterraneanwear.com\\\/ca\\\/enviaments\\\/\",\"url\":\"https:\\\/\\\/mediterraneanwear.com\\\/ca\\\/enviaments\\\/\",\"name\":\"Enviaments - Mediterranean Wear\",\"isPartOf\":{\"@id\":\"https:\\\/\\\/mediterraneanwear.com\\\/ca\\\/#website\"},\"datePublished\":\"2024-12-13T10:03:25+00:00\",\"dateModified\":\"2025-05-13T08:16:01+00:00\",\"breadcrumb\":{\"@id\":\"https:\\\/\\\/mediterraneanwear.com\\\/ca\\\/enviaments\\\/#breadcrumb\"},\"inLanguage\":\"ca\",\"potentialAction\":[{\"@type\":\"ReadAction\",\"target\":[\"https:\\\/\\\/mediterraneanwear.com\\\/ca\\\/enviaments\\\/\"]}]},{\"@type\":\"BreadcrumbList\",\"@id\":\"https:\\\/\\\/mediterraneanwear.com\\\/ca\\\/enviaments\\\/#breadcrumb\",\"itemListElement\":[{\"@type\":\"ListItem\",\"position\":1,\"name\":\"Portada\",\"item\":\"https:\\\/\\\/mediterraneanwear.com\\\/ca\\\/\"},{\"@type\":\"ListItem\",\"position\":2,\"name\":\"Enviaments\"}]},{\"@type\":\"WebSite\",\"@id\":\"https:\\\/\\\/mediterraneanwear.com\\\/ca\\\/#website\",\"url\":\"https:\\\/\\\/mediterraneanwear.com\\\/ca\\\/\",\"name\":\"Mediterranean Wear\",\"description\":\"Mediterranean Wear\",\"publisher\":{\"@id\":\"https:\\\/\\\/mediterraneanwear.com\\\/ca\\\/#organization\"},\"potentialAction\":[{\"@type\":\"SearchAction\",\"target\":{\"@type\":\"EntryPoint\",\"urlTemplate\":\"https:\\\/\\\/mediterraneanwear.com\\\/ca\\\/?s={search_term_string}\"},\"query-input\":{\"@type\":\"PropertyValueSpecification\",\"valueRequired\":true,\"valueName\":\"search_term_string\"}}],\"inLanguage\":\"ca\"},{\"@type\":\"Organization\",\"@id\":\"https:\\\/\\\/mediterraneanwear.com\\\/ca\\\/#organization\",\"name\":\"Mediterranean Wear\",\"url\":\"https:\\\/\\\/mediterraneanwear.com\\\/ca\\\/\",\"logo\":{\"@type\":\"ImageObject\",\"inLanguage\":\"ca\",\"@id\":\"https:\\\/\\\/mediterraneanwear.com\\\/ca\\\/#\\\/schema\\\/logo\\\/image\\\/\",\"url\":\"https:\\\/\\\/mediterraneanwear.com\\\/wp-content\\\/uploads\\\/2025\\\/05\\\/LOGO-MediterraneanWear_2.png\",\"contentUrl\":\"https:\\\/\\\/mediterraneanwear.com\\\/wp-content\\\/uploads\\\/2025\\\/05\\\/LOGO-MediterraneanWear_2.png\",\"width\":566,\"height\":81,\"caption\":\"Mediterranean Wear\"},\"image\":{\"@id\":\"https:\\\/\\\/mediterraneanwear.com\\\/ca\\\/#\\\/schema\\\/logo\\\/image\\\/\"},\"sameAs\":[\"https:\\\/\\\/www.facebook.com\\\/mediterraneanwear\\\/\",\"https:\\\/\\\/www.instagram.com\\\/mediterraneanwear\\\/\"]}]}<\/script>\n<!-- \/ Yoast SEO plugin. -->","yoast_head_json":{"title":"Enviaments - Mediterranean Wear","robots":{"index":"index","follow":"follow","max-snippet":"max-snippet:-1","max-image-preview":"max-image-preview:large","max-video-preview":"max-video-preview:-1"},"canonical":"https:\/\/mediterraneanwear.com\/ca\/enviaments\/","og_locale":"ca_ES","og_type":"article","og_title":"Enviaments - Mediterranean Wear","og_description":"Enviaments Quan trigar\u00e0 a arribar la meva comanda? En cas que procedeixi de la zona geogr\u00e0fica de la pen\u00ednsula o Illes Balears, el temps de lliurament sol ser de tres o quatre dies. Per a enviaments a les Illes Can\u00e0ries, consulteu a botiga@mediterraneanwear.com. En el cas dEuropa, el temps de lliurament \u00e9s daproximadament 8 dies. [&hellip;]","og_url":"https:\/\/mediterraneanwear.com\/ca\/enviaments\/","og_site_name":"Mediterranean Wear","article_publisher":"https:\/\/www.facebook.com\/mediterraneanwear\/","article_modified_time":"2025-05-13T08:16:01+00:00","twitter_card":"summary_large_image","twitter_misc":{"Temps estimat de lectura":"8 minuts"},"schema":{"@context":"https:\/\/schema.org","@graph":[{"@type":"WebPage","@id":"https:\/\/mediterraneanwear.com\/ca\/enviaments\/","url":"https:\/\/mediterraneanwear.com\/ca\/enviaments\/","name":"Enviaments - Mediterranean Wear","isPartOf":{"@id":"https:\/\/mediterraneanwear.com\/ca\/#website"},"datePublished":"2024-12-13T10:03:25+00:00","dateModified":"2025-05-13T08:16:01+00:00","breadcrumb":{"@id":"https:\/\/mediterraneanwear.com\/ca\/enviaments\/#breadcrumb"},"inLanguage":"ca","potentialAction":[{"@type":"ReadAction","target":["https:\/\/mediterraneanwear.com\/ca\/enviaments\/"]}]},{"@type":"BreadcrumbList","@id":"https:\/\/mediterraneanwear.com\/ca\/enviaments\/#breadcrumb","itemListElement":[{"@type":"ListItem","position":1,"name":"Portada","item":"https:\/\/mediterraneanwear.com\/ca\/"},{"@type":"ListItem","position":2,"name":"Enviaments"}]},{"@type":"WebSite","@id":"https:\/\/mediterraneanwear.com\/ca\/#website","url":"https:\/\/mediterraneanwear.com\/ca\/","name":"Mediterranean Wear","description":"Mediterranean Wear","publisher":{"@id":"https:\/\/mediterraneanwear.com\/ca\/#organization"},"potentialAction":[{"@type":"SearchAction","target":{"@type":"EntryPoint","urlTemplate":"https:\/\/mediterraneanwear.com\/ca\/?s={search_term_string}"},"query-input":{"@type":"PropertyValueSpecification","valueRequired":true,"valueName":"search_term_string"}}],"inLanguage":"ca"},{"@type":"Organization","@id":"https:\/\/mediterraneanwear.com\/ca\/#organization","name":"Mediterranean Wear","url":"https:\/\/mediterraneanwear.com\/ca\/","logo":{"@type":"ImageObject","inLanguage":"ca","@id":"https:\/\/mediterraneanwear.com\/ca\/#\/schema\/logo\/image\/","url":"https:\/\/mediterraneanwear.com\/wp-content\/uploads\/2025\/05\/LOGO-MediterraneanWear_2.png","contentUrl":"https:\/\/mediterraneanwear.com\/wp-content\/uploads\/2025\/05\/LOGO-MediterraneanWear_2.png","width":566,"height":81,"caption":"Mediterranean Wear"},"image":{"@id":"https:\/\/mediterraneanwear.com\/ca\/#\/schema\/logo\/image\/"},"sameAs":["https:\/\/www.facebook.com\/mediterraneanwear\/","https:\/\/www.instagram.com\/mediterraneanwear\/"]}]}},"_links":{"self":[{"href":"https:\/\/mediterraneanwear.com\/ca\/wp-json\/wp\/v2\/pages\/5039","targetHints":{"allow":["GET"]}}],"collection":[{"href":"https:\/\/mediterraneanwear.com\/ca\/wp-json\/wp\/v2\/pages"}],"about":[{"href":"https:\/\/mediterraneanwear.com\/ca\/wp-json\/wp\/v2\/types\/page"}],"author":[{"embeddable":true,"href":"https:\/\/mediterraneanwear.com\/ca\/wp-json\/wp\/v2\/users\/1"}],"replies":[{"embeddable":true,"href":"https:\/\/mediterraneanwear.com\/ca\/wp-json\/wp\/v2\/comments?post=5039"}],"version-history":[{"count":0,"href":"https:\/\/mediterraneanwear.com\/ca\/wp-json\/wp\/v2\/pages\/5039\/revisions"}],"wp:attachment":[{"href":"https:\/\/mediterraneanwear.com\/ca\/wp-json\/wp\/v2\/media?parent=5039"}],"curies":[{"name":"wp","href":"https:\/\/api.w.org\/{rel}","templated":true}]}}