{"id":11994,"date":"2025-08-31T09:02:15","date_gmt":"2025-08-31T08:02:15","guid":{"rendered":"https:\/\/mediterraneanwear.com\/?post_type=product&#038;p=11994"},"modified":"2025-09-03T09:22:28","modified_gmt":"2025-09-03T08:22:28","slug":"tote-mediterraneanwear","status":"publish","type":"product","link":"https:\/\/mediterraneanwear.com\/ca\/producto\/tote-mediterraneanwear\/","title":{"rendered":"TOTE MEDITERRANEANWEAR"},"content":{"rendered":"<p>Bossa Tote de cot\u00f3, amb impressi\u00f3 Mediterraneanwear, c\u00f3moda i pr\u00e0ctica. Serveix per tot el li vulguis posar, facilitant-te el dia a dia.<\/p>\n<p>T\u00b4en emportes un un boc\u00ed\u00a0 de mediterr\u00e0nia amb t\u00fa.<\/p>\n","protected":false},"excerpt":{"rendered":"<p>Bossa Tote de cot\u00f3, amb impressi\u00f3 mediterraneanwear\u00a0 c\u00f3moda i pr\u00e0ctica.<\/p>\n<p>Serveix per tot el li vulguis posar, facilitant-te el dia a dia.<\/p>\n<p>T\u00b4en emportes un un boc\u00ed\u00a0 de mediterr\u00e0nia amb t\u00fa.<\/p>\n","protected":false},"featured_media":11934,"template":"","meta":[],"product_brand":[],"product_cat":[413,408],"product_tag":[287],"class_list":{"0":"post-11994","1":"product","2":"type-product","3":"status-publish","4":"has-post-thumbnail","6":"product_cat-complements","7":"product_cat-novetats","8":"product_tag-sargantana-ca","10":"first","11":"instock","12":"taxable","13":"shipping-taxable","14":"purchasable","15":"product-type-simple"},"yoast_head":"<!-- This site is optimized with the Yoast SEO plugin v27.4 - https:\/\/yoast.com\/product\/yoast-seo-wordpress\/ -->\n<title>TOTE MEDITERRANEANWEAR - Mediterranean Wear<\/title>\n<meta name=\"robots\" content=\"index, follow, max-snippet:-1, max-image-preview:large, max-video-preview:-1\" \/>\n<link rel=\"canonical\" href=\"https:\/\/mediterraneanwear.com\/ca\/producto\/tote-mediterraneanwear\/\" \/>\n<meta property=\"og:locale\" content=\"ca_ES\" \/>\n<meta property=\"og:type\" content=\"article\" \/>\n<meta property=\"og:title\" content=\"TOTE MEDITERRANEANWEAR - Mediterranean Wear\" \/>\n<meta property=\"og:description\" content=\"Bossa Tote de cot\u00f3, amb impressi\u00f3 mediterraneanwear\u00a0 c\u00f3moda i pr\u00e0ctica.  Serveix per tot el li vulguis posar, facilitant-te el dia a dia.  T\u00b4en emportes un un boc\u00ed\u00a0 de mediterr\u00e0nia amb t\u00fa.\" \/>\n<meta property=\"og:url\" content=\"https:\/\/mediterraneanwear.com\/ca\/producto\/tote-mediterraneanwear\/\" \/>\n<meta property=\"og:site_name\" content=\"Mediterranean Wear\" \/>\n<meta property=\"article:publisher\" content=\"https:\/\/www.facebook.com\/mediterraneanwear\/\" \/>\n<meta property=\"article:modified_time\" content=\"2025-09-03T08:22:28+00:00\" \/>\n<meta property=\"og:image\" content=\"https:\/\/mediterraneanwear.com\/wp-content\/uploads\/2025\/08\/bossa.png\" \/>\n\t<meta property=\"og:image:width\" content=\"1080\" \/>\n\t<meta property=\"og:image:height\" content=\"1080\" \/>\n\t<meta property=\"og:image:type\" content=\"image\/png\" \/>\n<meta name=\"twitter:card\" content=\"summary_large_image\" \/>\n<meta name=\"twitter:label1\" content=\"Temps estimat de lectura\" \/>\n\t<meta name=\"twitter:data1\" content=\"1 minut\" \/>\n<script type=\"application\/ld+json\" class=\"yoast-schema-graph\">{\"@context\":\"https:\\\/\\\/schema.org\",\"@graph\":[{\"@type\":\"WebPage\",\"@id\":\"https:\\\/\\\/mediterraneanwear.com\\\/ca\\\/producto\\\/tote-mediterraneanwear\\\/\",\"url\":\"https:\\\/\\\/mediterraneanwear.com\\\/ca\\\/producto\\\/tote-mediterraneanwear\\\/\",\"name\":\"TOTE MEDITERRANEANWEAR - Mediterranean Wear\",\"isPartOf\":{\"@id\":\"https:\\\/\\\/mediterraneanwear.com\\\/ca\\\/#website\"},\"primaryImageOfPage\":{\"@id\":\"https:\\\/\\\/mediterraneanwear.com\\\/ca\\\/producto\\\/tote-mediterraneanwear\\\/#primaryimage\"},\"image\":{\"@id\":\"https:\\\/\\\/mediterraneanwear.com\\\/ca\\\/producto\\\/tote-mediterraneanwear\\\/#primaryimage\"},\"thumbnailUrl\":\"https:\\\/\\\/mediterraneanwear.com\\\/wp-content\\\/uploads\\\/2025\\\/08\\\/bossa.png\",\"datePublished\":\"2025-08-31T08:02:15+00:00\",\"dateModified\":\"2025-09-03T08:22:28+00:00\",\"breadcrumb\":{\"@id\":\"https:\\\/\\\/mediterraneanwear.com\\\/ca\\\/producto\\\/tote-mediterraneanwear\\\/#breadcrumb\"},\"inLanguage\":\"ca\",\"potentialAction\":[{\"@type\":\"ReadAction\",\"target\":[\"https:\\\/\\\/mediterraneanwear.com\\\/ca\\\/producto\\\/tote-mediterraneanwear\\\/\"]}]},{\"@type\":\"ImageObject\",\"inLanguage\":\"ca\",\"@id\":\"https:\\\/\\\/mediterraneanwear.com\\\/ca\\\/producto\\\/tote-mediterraneanwear\\\/#primaryimage\",\"url\":\"https:\\\/\\\/mediterraneanwear.com\\\/wp-content\\\/uploads\\\/2025\\\/08\\\/bossa.png\",\"contentUrl\":\"https:\\\/\\\/mediterraneanwear.com\\\/wp-content\\\/uploads\\\/2025\\\/08\\\/bossa.png\",\"width\":1080,\"height\":1080},{\"@type\":\"BreadcrumbList\",\"@id\":\"https:\\\/\\\/mediterraneanwear.com\\\/ca\\\/producto\\\/tote-mediterraneanwear\\\/#breadcrumb\",\"itemListElement\":[{\"@type\":\"ListItem\",\"position\":1,\"name\":\"Portada\",\"item\":\"https:\\\/\\\/mediterraneanwear.com\\\/ca\\\/\"},{\"@type\":\"ListItem\",\"position\":2,\"name\":\"Botiga\",\"item\":\"https:\\\/\\\/mediterraneanwear.com\\\/ca\\\/botiga\\\/\"},{\"@type\":\"ListItem\",\"position\":3,\"name\":\"TOTE MEDITERRANEANWEAR\"}]},{\"@type\":\"WebSite\",\"@id\":\"https:\\\/\\\/mediterraneanwear.com\\\/ca\\\/#website\",\"url\":\"https:\\\/\\\/mediterraneanwear.com\\\/ca\\\/\",\"name\":\"Mediterranean Wear\",\"description\":\"Mediterranean Wear\",\"publisher\":{\"@id\":\"https:\\\/\\\/mediterraneanwear.com\\\/ca\\\/#organization\"},\"potentialAction\":[{\"@type\":\"SearchAction\",\"target\":{\"@type\":\"EntryPoint\",\"urlTemplate\":\"https:\\\/\\\/mediterraneanwear.com\\\/ca\\\/?s={search_term_string}\"},\"query-input\":{\"@type\":\"PropertyValueSpecification\",\"valueRequired\":true,\"valueName\":\"search_term_string\"}}],\"inLanguage\":\"ca\"},{\"@type\":\"Organization\",\"@id\":\"https:\\\/\\\/mediterraneanwear.com\\\/ca\\\/#organization\",\"name\":\"Mediterranean Wear\",\"url\":\"https:\\\/\\\/mediterraneanwear.com\\\/ca\\\/\",\"logo\":{\"@type\":\"ImageObject\",\"inLanguage\":\"ca\",\"@id\":\"https:\\\/\\\/mediterraneanwear.com\\\/ca\\\/#\\\/schema\\\/logo\\\/image\\\/\",\"url\":\"https:\\\/\\\/mediterraneanwear.com\\\/wp-content\\\/uploads\\\/2025\\\/05\\\/LOGO-MediterraneanWear_2.png\",\"contentUrl\":\"https:\\\/\\\/mediterraneanwear.com\\\/wp-content\\\/uploads\\\/2025\\\/05\\\/LOGO-MediterraneanWear_2.png\",\"width\":566,\"height\":81,\"caption\":\"Mediterranean Wear\"},\"image\":{\"@id\":\"https:\\\/\\\/mediterraneanwear.com\\\/ca\\\/#\\\/schema\\\/logo\\\/image\\\/\"},\"sameAs\":[\"https:\\\/\\\/www.facebook.com\\\/mediterraneanwear\\\/\",\"https:\\\/\\\/www.instagram.com\\\/mediterraneanwear\\\/\"]}]}<\/script>\n<!-- \/ Yoast SEO plugin. -->","yoast_head_json":{"title":"TOTE MEDITERRANEANWEAR - Mediterranean Wear","robots":{"index":"index","follow":"follow","max-snippet":"max-snippet:-1","max-image-preview":"max-image-preview:large","max-video-preview":"max-video-preview:-1"},"canonical":"https:\/\/mediterraneanwear.com\/ca\/producto\/tote-mediterraneanwear\/","og_locale":"ca_ES","og_type":"article","og_title":"TOTE MEDITERRANEANWEAR - Mediterranean Wear","og_description":"Bossa Tote de cot\u00f3, amb impressi\u00f3 mediterraneanwear\u00a0 c\u00f3moda i pr\u00e0ctica.  Serveix per tot el li vulguis posar, facilitant-te el dia a dia.  T\u00b4en emportes un un boc\u00ed\u00a0 de mediterr\u00e0nia amb t\u00fa.","og_url":"https:\/\/mediterraneanwear.com\/ca\/producto\/tote-mediterraneanwear\/","og_site_name":"Mediterranean Wear","article_publisher":"https:\/\/www.facebook.com\/mediterraneanwear\/","article_modified_time":"2025-09-03T08:22:28+00:00","og_image":[{"width":1080,"height":1080,"url":"https:\/\/mediterraneanwear.com\/wp-content\/uploads\/2025\/08\/bossa.png","type":"image\/png"}],"twitter_card":"summary_large_image","twitter_misc":{"Temps estimat de lectura":"1 minut"},"schema":{"@context":"https:\/\/schema.org","@graph":[{"@type":"WebPage","@id":"https:\/\/mediterraneanwear.com\/ca\/producto\/tote-mediterraneanwear\/","url":"https:\/\/mediterraneanwear.com\/ca\/producto\/tote-mediterraneanwear\/","name":"TOTE MEDITERRANEANWEAR - Mediterranean Wear","isPartOf":{"@id":"https:\/\/mediterraneanwear.com\/ca\/#website"},"primaryImageOfPage":{"@id":"https:\/\/mediterraneanwear.com\/ca\/producto\/tote-mediterraneanwear\/#primaryimage"},"image":{"@id":"https:\/\/mediterraneanwear.com\/ca\/producto\/tote-mediterraneanwear\/#primaryimage"},"thumbnailUrl":"https:\/\/mediterraneanwear.com\/wp-content\/uploads\/2025\/08\/bossa.png","datePublished":"2025-08-31T08:02:15+00:00","dateModified":"2025-09-03T08:22:28+00:00","breadcrumb":{"@id":"https:\/\/mediterraneanwear.com\/ca\/producto\/tote-mediterraneanwear\/#breadcrumb"},"inLanguage":"ca","potentialAction":[{"@type":"ReadAction","target":["https:\/\/mediterraneanwear.com\/ca\/producto\/tote-mediterraneanwear\/"]}]},{"@type":"ImageObject","inLanguage":"ca","@id":"https:\/\/mediterraneanwear.com\/ca\/producto\/tote-mediterraneanwear\/#primaryimage","url":"https:\/\/mediterraneanwear.com\/wp-content\/uploads\/2025\/08\/bossa.png","contentUrl":"https:\/\/mediterraneanwear.com\/wp-content\/uploads\/2025\/08\/bossa.png","width":1080,"height":1080},{"@type":"BreadcrumbList","@id":"https:\/\/mediterraneanwear.com\/ca\/producto\/tote-mediterraneanwear\/#breadcrumb","itemListElement":[{"@type":"ListItem","position":1,"name":"Portada","item":"https:\/\/mediterraneanwear.com\/ca\/"},{"@type":"ListItem","position":2,"name":"Botiga","item":"https:\/\/mediterraneanwear.com\/ca\/botiga\/"},{"@type":"ListItem","position":3,"name":"TOTE MEDITERRANEANWEAR"}]},{"@type":"WebSite","@id":"https:\/\/mediterraneanwear.com\/ca\/#website","url":"https:\/\/mediterraneanwear.com\/ca\/","name":"Mediterranean Wear","description":"Mediterranean Wear","publisher":{"@id":"https:\/\/mediterraneanwear.com\/ca\/#organization"},"potentialAction":[{"@type":"SearchAction","target":{"@type":"EntryPoint","urlTemplate":"https:\/\/mediterraneanwear.com\/ca\/?s={search_term_string}"},"query-input":{"@type":"PropertyValueSpecification","valueRequired":true,"valueName":"search_term_string"}}],"inLanguage":"ca"},{"@type":"Organization","@id":"https:\/\/mediterraneanwear.com\/ca\/#organization","name":"Mediterranean Wear","url":"https:\/\/mediterraneanwear.com\/ca\/","logo":{"@type":"ImageObject","inLanguage":"ca","@id":"https:\/\/mediterraneanwear.com\/ca\/#\/schema\/logo\/image\/","url":"https:\/\/mediterraneanwear.com\/wp-content\/uploads\/2025\/05\/LOGO-MediterraneanWear_2.png","contentUrl":"https:\/\/mediterraneanwear.com\/wp-content\/uploads\/2025\/05\/LOGO-MediterraneanWear_2.png","width":566,"height":81,"caption":"Mediterranean Wear"},"image":{"@id":"https:\/\/mediterraneanwear.com\/ca\/#\/schema\/logo\/image\/"},"sameAs":["https:\/\/www.facebook.com\/mediterraneanwear\/","https:\/\/www.instagram.com\/mediterraneanwear\/"]}]}},"_links":{"self":[{"href":"https:\/\/mediterraneanwear.com\/ca\/wp-json\/wp\/v2\/product\/11994","targetHints":{"allow":["GET"]}}],"collection":[{"href":"https:\/\/mediterraneanwear.com\/ca\/wp-json\/wp\/v2\/product"}],"about":[{"href":"https:\/\/mediterraneanwear.com\/ca\/wp-json\/wp\/v2\/types\/product"}],"wp:featuredmedia":[{"embeddable":true,"href":"https:\/\/mediterraneanwear.com\/ca\/wp-json\/wp\/v2\/media\/11934"}],"wp:attachment":[{"href":"https:\/\/mediterraneanwear.com\/ca\/wp-json\/wp\/v2\/media?parent=11994"}],"wp:term":[{"taxonomy":"product_brand","embeddable":true,"href":"https:\/\/mediterraneanwear.com\/ca\/wp-json\/wp\/v2\/product_brand?post=11994"},{"taxonomy":"product_cat","embeddable":true,"href":"https:\/\/mediterraneanwear.com\/ca\/wp-json\/wp\/v2\/product_cat?post=11994"},{"taxonomy":"product_tag","embeddable":true,"href":"https:\/\/mediterraneanwear.com\/ca\/wp-json\/wp\/v2\/product_tag?post=11994"}],"curies":[{"name":"wp","href":"https:\/\/api.w.org\/{rel}","templated":true}]}}