{"id":12288,"date":"2025-09-11T09:04:43","date_gmt":"2025-09-11T08:04:43","guid":{"rendered":"https:\/\/mediterraneanwear.com\/?post_type=product&#038;p=12288"},"modified":"2025-10-03T16:20:00","modified_gmt":"2025-10-03T15:20:00","slug":"dessuadora-ericons","status":"publish","type":"product","link":"https:\/\/mediterraneanwear.com\/ca\/producto\/dessuadora-ericons\/","title":{"rendered":"DESSUADORA ERI\u00c7ONS"},"content":{"rendered":"<p>Dessuadora premium, de composici\u00f3 50% cot\u00f3, de tacte molt agradable, coll rod\u00f3, color celeste, amb estampat eri\u00e7ons.<\/p>\n","protected":false},"excerpt":{"rendered":"<p>Dessuadora premium, de composici\u00f3 50% cot\u00f3, de tacte molt agradable, coll rod\u00f3, color celeste, amb estampat eri\u00e7ons.<\/p>\n","protected":false},"featured_media":12224,"template":"","meta":[],"product_brand":[],"product_cat":[150,408],"product_tag":[287],"class_list":{"0":"post-12288","1":"product","2":"type-product","3":"status-publish","4":"has-post-thumbnail","6":"product_cat-casual-wear-ca","7":"product_cat-novetats","8":"product_tag-sargantana-ca","9":"pa_talla-l","10":"pa_talla-m","11":"pa_talla-xl","13":"first","14":"instock","15":"featured","16":"taxable","17":"shipping-taxable","18":"purchasable","19":"product-type-variable"},"yoast_head":"<!-- This site is optimized with the Yoast SEO plugin v27.4 - https:\/\/yoast.com\/product\/yoast-seo-wordpress\/ -->\n<title>DESSUADORA ERI\u00c7ONS - Mediterranean Wear<\/title>\n<meta name=\"robots\" content=\"index, follow, max-snippet:-1, max-image-preview:large, max-video-preview:-1\" \/>\n<link rel=\"canonical\" href=\"https:\/\/mediterraneanwear.com\/ca\/producto\/dessuadora-ericons\/\" \/>\n<meta property=\"og:locale\" content=\"ca_ES\" \/>\n<meta property=\"og:type\" content=\"article\" \/>\n<meta property=\"og:title\" content=\"DESSUADORA ERI\u00c7ONS - Mediterranean Wear\" \/>\n<meta property=\"og:description\" content=\"Dessuadora premium, de composici\u00f3 50% cot\u00f3, de tacte molt agradable, coll rod\u00f3, color celeste, amb estampat eri\u00e7ons.\" \/>\n<meta property=\"og:url\" content=\"https:\/\/mediterraneanwear.com\/ca\/producto\/dessuadora-ericons\/\" \/>\n<meta property=\"og:site_name\" content=\"Mediterranean Wear\" \/>\n<meta property=\"article:publisher\" content=\"https:\/\/www.facebook.com\/mediterraneanwear\/\" \/>\n<meta property=\"article:modified_time\" content=\"2025-10-03T15:20:00+00:00\" \/>\n<meta property=\"og:image\" content=\"https:\/\/mediterraneanwear.com\/wp-content\/uploads\/2025\/09\/PHOTO-2025-09-17-16-46-46-2.jpg\" \/>\n\t<meta property=\"og:image:width\" content=\"889\" \/>\n\t<meta property=\"og:image:height\" content=\"889\" \/>\n\t<meta property=\"og:image:type\" content=\"image\/jpeg\" \/>\n<meta name=\"twitter:card\" content=\"summary_large_image\" \/>\n<script type=\"application\/ld+json\" class=\"yoast-schema-graph\">{\"@context\":\"https:\\\/\\\/schema.org\",\"@graph\":[{\"@type\":\"WebPage\",\"@id\":\"https:\\\/\\\/mediterraneanwear.com\\\/ca\\\/producto\\\/dessuadora-ericons\\\/\",\"url\":\"https:\\\/\\\/mediterraneanwear.com\\\/ca\\\/producto\\\/dessuadora-ericons\\\/\",\"name\":\"DESSUADORA ERI\u00c7ONS - Mediterranean Wear\",\"isPartOf\":{\"@id\":\"https:\\\/\\\/mediterraneanwear.com\\\/ca\\\/#website\"},\"primaryImageOfPage\":{\"@id\":\"https:\\\/\\\/mediterraneanwear.com\\\/ca\\\/producto\\\/dessuadora-ericons\\\/#primaryimage\"},\"image\":{\"@id\":\"https:\\\/\\\/mediterraneanwear.com\\\/ca\\\/producto\\\/dessuadora-ericons\\\/#primaryimage\"},\"thumbnailUrl\":\"https:\\\/\\\/mediterraneanwear.com\\\/wp-content\\\/uploads\\\/2025\\\/09\\\/PHOTO-2025-09-17-16-46-46-2.jpg\",\"datePublished\":\"2025-09-11T08:04:43+00:00\",\"dateModified\":\"2025-10-03T15:20:00+00:00\",\"breadcrumb\":{\"@id\":\"https:\\\/\\\/mediterraneanwear.com\\\/ca\\\/producto\\\/dessuadora-ericons\\\/#breadcrumb\"},\"inLanguage\":\"ca\",\"potentialAction\":[{\"@type\":\"ReadAction\",\"target\":[\"https:\\\/\\\/mediterraneanwear.com\\\/ca\\\/producto\\\/dessuadora-ericons\\\/\"]}]},{\"@type\":\"ImageObject\",\"inLanguage\":\"ca\",\"@id\":\"https:\\\/\\\/mediterraneanwear.com\\\/ca\\\/producto\\\/dessuadora-ericons\\\/#primaryimage\",\"url\":\"https:\\\/\\\/mediterraneanwear.com\\\/wp-content\\\/uploads\\\/2025\\\/09\\\/PHOTO-2025-09-17-16-46-46-2.jpg\",\"contentUrl\":\"https:\\\/\\\/mediterraneanwear.com\\\/wp-content\\\/uploads\\\/2025\\\/09\\\/PHOTO-2025-09-17-16-46-46-2.jpg\",\"width\":889,\"height\":889},{\"@type\":\"BreadcrumbList\",\"@id\":\"https:\\\/\\\/mediterraneanwear.com\\\/ca\\\/producto\\\/dessuadora-ericons\\\/#breadcrumb\",\"itemListElement\":[{\"@type\":\"ListItem\",\"position\":1,\"name\":\"Portada\",\"item\":\"https:\\\/\\\/mediterraneanwear.com\\\/ca\\\/\"},{\"@type\":\"ListItem\",\"position\":2,\"name\":\"Botiga\",\"item\":\"https:\\\/\\\/mediterraneanwear.com\\\/ca\\\/botiga\\\/\"},{\"@type\":\"ListItem\",\"position\":3,\"name\":\"DESSUADORA ERI\u00c7ONS\"}]},{\"@type\":\"WebSite\",\"@id\":\"https:\\\/\\\/mediterraneanwear.com\\\/ca\\\/#website\",\"url\":\"https:\\\/\\\/mediterraneanwear.com\\\/ca\\\/\",\"name\":\"Mediterranean Wear\",\"description\":\"Mediterranean Wear\",\"publisher\":{\"@id\":\"https:\\\/\\\/mediterraneanwear.com\\\/ca\\\/#organization\"},\"potentialAction\":[{\"@type\":\"SearchAction\",\"target\":{\"@type\":\"EntryPoint\",\"urlTemplate\":\"https:\\\/\\\/mediterraneanwear.com\\\/ca\\\/?s={search_term_string}\"},\"query-input\":{\"@type\":\"PropertyValueSpecification\",\"valueRequired\":true,\"valueName\":\"search_term_string\"}}],\"inLanguage\":\"ca\"},{\"@type\":\"Organization\",\"@id\":\"https:\\\/\\\/mediterraneanwear.com\\\/ca\\\/#organization\",\"name\":\"Mediterranean Wear\",\"url\":\"https:\\\/\\\/mediterraneanwear.com\\\/ca\\\/\",\"logo\":{\"@type\":\"ImageObject\",\"inLanguage\":\"ca\",\"@id\":\"https:\\\/\\\/mediterraneanwear.com\\\/ca\\\/#\\\/schema\\\/logo\\\/image\\\/\",\"url\":\"https:\\\/\\\/mediterraneanwear.com\\\/wp-content\\\/uploads\\\/2025\\\/05\\\/LOGO-MediterraneanWear_2.png\",\"contentUrl\":\"https:\\\/\\\/mediterraneanwear.com\\\/wp-content\\\/uploads\\\/2025\\\/05\\\/LOGO-MediterraneanWear_2.png\",\"width\":566,\"height\":81,\"caption\":\"Mediterranean Wear\"},\"image\":{\"@id\":\"https:\\\/\\\/mediterraneanwear.com\\\/ca\\\/#\\\/schema\\\/logo\\\/image\\\/\"},\"sameAs\":[\"https:\\\/\\\/www.facebook.com\\\/mediterraneanwear\\\/\",\"https:\\\/\\\/www.instagram.com\\\/mediterraneanwear\\\/\"]}]}<\/script>\n<!-- \/ Yoast SEO plugin. -->","yoast_head_json":{"title":"DESSUADORA ERI\u00c7ONS - Mediterranean Wear","robots":{"index":"index","follow":"follow","max-snippet":"max-snippet:-1","max-image-preview":"max-image-preview:large","max-video-preview":"max-video-preview:-1"},"canonical":"https:\/\/mediterraneanwear.com\/ca\/producto\/dessuadora-ericons\/","og_locale":"ca_ES","og_type":"article","og_title":"DESSUADORA ERI\u00c7ONS - Mediterranean Wear","og_description":"Dessuadora premium, de composici\u00f3 50% cot\u00f3, de tacte molt agradable, coll rod\u00f3, color celeste, amb estampat eri\u00e7ons.","og_url":"https:\/\/mediterraneanwear.com\/ca\/producto\/dessuadora-ericons\/","og_site_name":"Mediterranean Wear","article_publisher":"https:\/\/www.facebook.com\/mediterraneanwear\/","article_modified_time":"2025-10-03T15:20:00+00:00","og_image":[{"width":889,"height":889,"url":"https:\/\/mediterraneanwear.com\/wp-content\/uploads\/2025\/09\/PHOTO-2025-09-17-16-46-46-2.jpg","type":"image\/jpeg"}],"twitter_card":"summary_large_image","schema":{"@context":"https:\/\/schema.org","@graph":[{"@type":"WebPage","@id":"https:\/\/mediterraneanwear.com\/ca\/producto\/dessuadora-ericons\/","url":"https:\/\/mediterraneanwear.com\/ca\/producto\/dessuadora-ericons\/","name":"DESSUADORA ERI\u00c7ONS - Mediterranean Wear","isPartOf":{"@id":"https:\/\/mediterraneanwear.com\/ca\/#website"},"primaryImageOfPage":{"@id":"https:\/\/mediterraneanwear.com\/ca\/producto\/dessuadora-ericons\/#primaryimage"},"image":{"@id":"https:\/\/mediterraneanwear.com\/ca\/producto\/dessuadora-ericons\/#primaryimage"},"thumbnailUrl":"https:\/\/mediterraneanwear.com\/wp-content\/uploads\/2025\/09\/PHOTO-2025-09-17-16-46-46-2.jpg","datePublished":"2025-09-11T08:04:43+00:00","dateModified":"2025-10-03T15:20:00+00:00","breadcrumb":{"@id":"https:\/\/mediterraneanwear.com\/ca\/producto\/dessuadora-ericons\/#breadcrumb"},"inLanguage":"ca","potentialAction":[{"@type":"ReadAction","target":["https:\/\/mediterraneanwear.com\/ca\/producto\/dessuadora-ericons\/"]}]},{"@type":"ImageObject","inLanguage":"ca","@id":"https:\/\/mediterraneanwear.com\/ca\/producto\/dessuadora-ericons\/#primaryimage","url":"https:\/\/mediterraneanwear.com\/wp-content\/uploads\/2025\/09\/PHOTO-2025-09-17-16-46-46-2.jpg","contentUrl":"https:\/\/mediterraneanwear.com\/wp-content\/uploads\/2025\/09\/PHOTO-2025-09-17-16-46-46-2.jpg","width":889,"height":889},{"@type":"BreadcrumbList","@id":"https:\/\/mediterraneanwear.com\/ca\/producto\/dessuadora-ericons\/#breadcrumb","itemListElement":[{"@type":"ListItem","position":1,"name":"Portada","item":"https:\/\/mediterraneanwear.com\/ca\/"},{"@type":"ListItem","position":2,"name":"Botiga","item":"https:\/\/mediterraneanwear.com\/ca\/botiga\/"},{"@type":"ListItem","position":3,"name":"DESSUADORA ERI\u00c7ONS"}]},{"@type":"WebSite","@id":"https:\/\/mediterraneanwear.com\/ca\/#website","url":"https:\/\/mediterraneanwear.com\/ca\/","name":"Mediterranean Wear","description":"Mediterranean Wear","publisher":{"@id":"https:\/\/mediterraneanwear.com\/ca\/#organization"},"potentialAction":[{"@type":"SearchAction","target":{"@type":"EntryPoint","urlTemplate":"https:\/\/mediterraneanwear.com\/ca\/?s={search_term_string}"},"query-input":{"@type":"PropertyValueSpecification","valueRequired":true,"valueName":"search_term_string"}}],"inLanguage":"ca"},{"@type":"Organization","@id":"https:\/\/mediterraneanwear.com\/ca\/#organization","name":"Mediterranean Wear","url":"https:\/\/mediterraneanwear.com\/ca\/","logo":{"@type":"ImageObject","inLanguage":"ca","@id":"https:\/\/mediterraneanwear.com\/ca\/#\/schema\/logo\/image\/","url":"https:\/\/mediterraneanwear.com\/wp-content\/uploads\/2025\/05\/LOGO-MediterraneanWear_2.png","contentUrl":"https:\/\/mediterraneanwear.com\/wp-content\/uploads\/2025\/05\/LOGO-MediterraneanWear_2.png","width":566,"height":81,"caption":"Mediterranean Wear"},"image":{"@id":"https:\/\/mediterraneanwear.com\/ca\/#\/schema\/logo\/image\/"},"sameAs":["https:\/\/www.facebook.com\/mediterraneanwear\/","https:\/\/www.instagram.com\/mediterraneanwear\/"]}]}},"_links":{"self":[{"href":"https:\/\/mediterraneanwear.com\/ca\/wp-json\/wp\/v2\/product\/12288","targetHints":{"allow":["GET"]}}],"collection":[{"href":"https:\/\/mediterraneanwear.com\/ca\/wp-json\/wp\/v2\/product"}],"about":[{"href":"https:\/\/mediterraneanwear.com\/ca\/wp-json\/wp\/v2\/types\/product"}],"wp:featuredmedia":[{"embeddable":true,"href":"https:\/\/mediterraneanwear.com\/ca\/wp-json\/wp\/v2\/media\/12224"}],"wp:attachment":[{"href":"https:\/\/mediterraneanwear.com\/ca\/wp-json\/wp\/v2\/media?parent=12288"}],"wp:term":[{"taxonomy":"product_brand","embeddable":true,"href":"https:\/\/mediterraneanwear.com\/ca\/wp-json\/wp\/v2\/product_brand?post=12288"},{"taxonomy":"product_cat","embeddable":true,"href":"https:\/\/mediterraneanwear.com\/ca\/wp-json\/wp\/v2\/product_cat?post=12288"},{"taxonomy":"product_tag","embeddable":true,"href":"https:\/\/mediterraneanwear.com\/ca\/wp-json\/wp\/v2\/product_tag?post=12288"}],"curies":[{"name":"wp","href":"https:\/\/api.w.org\/{rel}","templated":true}]}}