{"id":6702,"date":"2024-12-13T11:03:43","date_gmt":"2024-12-13T10:03:43","guid":{"rendered":"https:\/\/mediterraneanwear.com\/echanges-et-retours\/"},"modified":"2025-09-01T09:47:05","modified_gmt":"2025-09-01T08:47:05","slug":"echanges-et-retours","status":"publish","type":"page","link":"https:\/\/mediterraneanwear.com\/fr\/echanges-et-retours\/","title":{"rendered":"\u00c9changes et retours"},"content":{"rendered":"\n<h1 class=\"wp-block-heading has-text-align-center\">\u00c9changes et retours<\/h1>\n\n<p><\/p>\n\n<div id=\"pc\" class=\"wp-block-group is-vertical is-layout-flex wp-container-core-group-is-layout-506fb7a5 wp-block-group-is-layout-flex\" style=\"margin-bottom:20px;padding-right:var(--wp--preset--spacing--80);padding-bottom:var(--wp--preset--spacing--60);padding-left:var(--wp--preset--spacing--80)\">\n<p style=\"margin-right:0;margin-left:0\">En cas de d\u00e9saccord, apr\u00e8s passation de la commande, par le client, seul l&rsquo;\u00e9change contre un autre article sera accept\u00e9 (si possible), pas le remboursement du montant.<\/p>\n\n\n\n<h3 class=\"wp-block-heading\">Quand puis-je effectuer un retour ou un \u00e9change ?<\/h3>\n\n\n\n<p style=\"margin-right:0;margin-left:0\">L&rsquo;article livr\u00e9 ne correspond pas \u00e0 la commande pass\u00e9e.<\/p>\n\n\n\n<p>L&rsquo;article livr\u00e9 pr\u00e9sente un d\u00e9faut de fabrication.<\/p>\n\n\n\n<p>Il y a une erreur dans la taille du produit.<\/p>\n\n\n\n<h2 class=\"wp-block-heading\">Quelles conditions le produit doit-il remplir pour son retour ? <\/h2>\n\n\n\n<p>Il ne devrait pas \u00eatre utilis\u00e9.<\/p>\n\n\n\n<p>Il ne doit avoir subi aucun type de dommage. L&#8217;emballage et le produit doivent \u00eatre en parfait \u00e9tat. <\/p>\n\n\n\n<p>Il devra avoir son \u00e9tiquette et l&#8217;emballage sera le m\u00eame que celui dans lequel il est arriv\u00e9 ou un format similaire.<\/p>\n\n\n\n<p>Les commandes contenant un cadeau doivent \u00e9galement \u00eatre retourn\u00e9es avec le produit.<\/p>\n\n\n\n<p>Les retours ou \u00e9changes d\u2019une m\u00eame commande doivent \u00eatre effectu\u00e9s en une seule fois et non en plusieurs parties.<\/p>\n\n\n\n<h2 class=\"wp-block-heading\">Que dois-je faire si le colis n&rsquo;arrive pas en bon \u00e9tat ?<\/h2>\n\n\n\n<p>Tous les produits Mediterranean Wear sont v\u00e9rifi\u00e9s avant l\u2019exp\u00e9dition.<\/p>\n\n\n\n<p>Nous vous recommandons avant d&rsquo;accepter le colis de vous assurer que l&#8217;emballage est en bon \u00e9tat. En signant le r\u00e9c\u00e9piss\u00e9 de r\u00e9ception, vous acceptez implicitement que le colis est correct donc, s&rsquo;il a subi des dommages, le transporteur ne sera pas responsable d&rsquo;\u00e9ventuelles r\u00e9clamations ult\u00e9rieures. Dans le cas o\u00f9 l&#8217;emballage n&rsquo;est pas en bon \u00e9tat ou s&rsquo;il y a un probl\u00e8me avec la commande, N&rsquo;ACCEPTEZ PAS LA LIVRAISON et contactez Mediterranean Wear pour notifier l&rsquo;incident et trouver la meilleure solution.  <\/p>\n\n\n\n<h2 class=\"wp-block-heading\">Comment puis-je effectuer un retour ?<\/h2>\n\n\n\n<p>Avant d&rsquo;effectuer un retour, contactez Mediterranean Wear et vous serez inform\u00e9 de la proc\u00e9dure \u00e0 suivre pour traiter le retour. Cette proc\u00e9dure sera r\u00e9alis\u00e9e de la mani\u00e8re la plus personnalisable possible pour chaque situation.  <\/p>\n\n\n\n<p>Tout retour sans notification pr\u00e9alable sera refus\u00e9 par Mediterranean Wear.<\/p>\n\n\n\n<p>Retour en magasin. Si vous souhaitez retourner une commande et que vous \u00eates \u00e0 Lloret de Mar, vous pouvez vous rendre dans notre magasin physique situ\u00e9 C\/ Narc\u00eds Fors, 9. L\u00e0, nous traiterons le retour et r\u00e9soudrons tout probl\u00e8me.  <\/p>\n\n\n\n<h2 class=\"wp-block-heading\">Quelle est la date limite pour effectuer un retour ?<\/h2>\n\n\n\n<p>Conform\u00e9ment \u00e0 la loi de r\u00e9glementation du commerce de d\u00e9tail, RD 7\/2021 du 27\/04\/2021, le client dispose d&rsquo;un d\u00e9lai de 30 jours pour effectuer un retour, \u00e0 compter du jour o\u00f9 l&rsquo;entreprise de transport a effectu\u00e9 la livraison. Pass\u00e9 ce d\u00e9lai aucun retour ne sera accept\u00e9. <\/p>\n\n\n\n<h2 class=\"wp-block-heading\">Comment vais-je recevoir le montant de mon remboursement ?<\/h2>\n\n\n\n<p>Selon le mode de paiement, nous vous rembourserons avec<\/p>\n\n\n\n<ul class=\"wp-block-list\">\n<li>Carte : vous recevrez un cr\u00e9dit sur le compte associ\u00e9 \u00e0 la carte.<\/li>\n\n\n\n<li>PayPal : vous recevrez un cr\u00e9dit sur votre compte PayPal.<\/li>\n\n\n\n<li>Virement bancaire : nous vous demanderons vos coordonn\u00e9es bancaires (IBAN\/BIC) pour pouvoir effectuer le virement correspondant au retour.<\/li>\n<\/ul>\n\n\n\n<p>Le montant correspondant aux articles retourn\u00e9s sera rembours\u00e9 sous r\u00e9serve que ceux-ci respectent les conditions de retour (article 2).<\/p>\n\n\n\n<h2 class=\"wp-block-heading\">Quand recevrai-je le montant de mon remboursement ?<\/h2>\n\n\n\n<p>Une fois que le transporteur aura r\u00e9cup\u00e9r\u00e9 le colis et nous l&rsquo;aura livr\u00e9, nous v\u00e9rifierons que le produit remplit toutes les conditions pour proc\u00e9der \u00e0 son retour. Ce processus peut prendre 14 jours. Une fois le retour accept\u00e9, l&rsquo;argent sera d\u00e9pos\u00e9 sur votre carte de cr\u00e9dit, votre compte PayPal ou votre compte bancaire. Le d\u00e9lai n\u00e9cessaire pour le voir refl\u00e9t\u00e9 sur votre compte peut varier selon la banque.   <\/p>\n\n\n\n<h2 class=\"wp-block-heading\">Dois-je payer quelque chose pour mon retour ?<\/h2>\n\n\n\n<p>Si le retour est d\u00fb \u00e0 des causes inh\u00e9rentes \u00e0 Mediterranean Wear,<\/p>\n\n\n\n<ul class=\"wp-block-list\">\n<li>L&rsquo;article livr\u00e9 ne correspond pas \u00e0 la commande pass\u00e9e<\/li>\n\n\n\n<li>L&rsquo;article livr\u00e9 pr\u00e9sente un d\u00e9faut de fabrication, les frais seront \u00e0 la charge de Mediterranean Wear.<\/li>\n<\/ul>\n\n\n\n<p><br\/>Si le retour ou l&rsquo;\u00e9change est d\u00fb \u00e0 une erreur du client lors de la passation de la commande, les frais seront \u00e0 la charge du client.<br\/>Au moment du traitement du retour, ces frais seront pr\u00e9cis\u00e9s et l&rsquo;accord sera demand\u00e9 au client.<\/p>\n<\/div>\n\n<div id=\"mobil\" class=\"wp-block-group is-vertical is-layout-flex wp-container-core-group-is-layout-a60497c1 wp-block-group-is-layout-flex\" style=\"margin-bottom:var(--wp--preset--spacing--40);padding-right:0;padding-bottom:0;padding-left:0\">\n<p style=\"margin-right:0;margin-left:0\">En cas de d\u00e9saccord, apr\u00e8s passation de la commande, par le client, seul l&rsquo;\u00e9change contre un autre article sera accept\u00e9 (si possible), pas le remboursement du montant.<\/p>\n\n\n\n<h3 class=\"wp-block-heading\">Quand puis-je effectuer un retour ou un \u00e9change ?<\/h3>\n\n\n\n<p style=\"margin-right:0;margin-left:0\">L&rsquo;article livr\u00e9 ne correspond pas \u00e0 la commande pass\u00e9e.<\/p>\n\n\n\n<p>L&rsquo;article livr\u00e9 pr\u00e9sente un d\u00e9faut de fabrication.<\/p>\n\n\n\n<p>Il y a une erreur dans la taille du produit.<\/p>\n\n\n\n<h2 class=\"wp-block-heading\">Quelles conditions le produit doit-il remplir pour son retour ? <\/h2>\n\n\n\n<p>Il ne devrait pas \u00eatre utilis\u00e9.<\/p>\n\n\n\n<p>Il ne doit avoir subi aucun type de dommage. L&#8217;emballage et le produit doivent \u00eatre en parfait \u00e9tat. <\/p>\n\n\n\n<p>Il devra avoir son \u00e9tiquette et l&#8217;emballage sera le m\u00eame que celui dans lequel il est arriv\u00e9 ou un format similaire.<\/p>\n\n\n\n<p>Les commandes contenant un cadeau doivent \u00e9galement \u00eatre retourn\u00e9es avec le produit.<\/p>\n\n\n\n<p>Les retours ou \u00e9changes d\u2019une m\u00eame commande doivent \u00eatre effectu\u00e9s en une seule fois et non en plusieurs parties.<\/p>\n\n\n\n<h2 class=\"wp-block-heading\">Que dois-je faire si le colis n&rsquo;arrive pas en bon \u00e9tat ?<\/h2>\n\n\n\n<p>Tous les produits Mediterranean Wear sont v\u00e9rifi\u00e9s avant l\u2019exp\u00e9dition.<\/p>\n\n\n\n<p>Nous vous recommandons avant d&rsquo;accepter le colis de vous assurer que l&#8217;emballage est en bon \u00e9tat. En signant le r\u00e9c\u00e9piss\u00e9 de r\u00e9ception, vous acceptez implicitement que le colis est correct donc, s&rsquo;il a subi des dommages, le transporteur ne sera pas responsable d&rsquo;\u00e9ventuelles r\u00e9clamations ult\u00e9rieures. Dans le cas o\u00f9 l&#8217;emballage n&rsquo;est pas en bon \u00e9tat ou s&rsquo;il y a un probl\u00e8me avec la commande, N&rsquo;ACCEPTEZ PAS LA LIVRAISON et contactez Mediterranean Wear pour notifier l&rsquo;incident et trouver la meilleure solution.  <\/p>\n\n\n\n<h2 class=\"wp-block-heading\">Comment puis-je effectuer un retour ?<\/h2>\n\n\n\n<p>Avant d&rsquo;effectuer un retour, contactez Mediterranean Wear et vous serez inform\u00e9 de la proc\u00e9dure \u00e0 suivre pour traiter le retour. Cette proc\u00e9dure sera r\u00e9alis\u00e9e de la mani\u00e8re la plus personnalisable possible pour chaque situation.  <\/p>\n\n\n\n<p>Retour en magasin. Si vous souhaitez retourner une commande et que vous \u00eates \u00e0 Lloret de Mar, vous pouvez vous rendre dans notre magasin physique situ\u00e9 C\/ Narc\u00eds Fors, 9. L\u00e0, nous traiterons le retour et r\u00e9soudrons tout probl\u00e8me.  <\/p>\n\n\n\n<p>Tout retour sans notification pr\u00e9alable sera refus\u00e9 par Mediterranean Wear.<\/p>\n\n\n\n<h2 class=\"wp-block-heading\">Quelle est la date limite pour effectuer un retour ?<\/h2>\n\n\n\n<p>Conform\u00e9ment \u00e0 la loi de r\u00e9glementation du commerce de d\u00e9tail, RD 7\/2021 du 27\/04\/2021, le client dispose d&rsquo;un d\u00e9lai de 30 jours pour effectuer un retour, \u00e0 compter du jour o\u00f9 l&rsquo;entreprise de transport a effectu\u00e9 la livraison. Pass\u00e9 ce d\u00e9lai aucun retour ne sera accept\u00e9. <\/p>\n\n\n\n<h2 class=\"wp-block-heading\">Comment vais-je recevoir le montant de mon remboursement ?<\/h2>\n\n\n\n<p>Selon le mode de paiement, nous vous rembourserons avec<\/p>\n\n\n\n<ul class=\"wp-block-list\">\n<li>Carte : vous recevrez un cr\u00e9dit sur le compte associ\u00e9 \u00e0 la carte.<\/li>\n\n\n\n<li>PayPal : vous recevrez un cr\u00e9dit sur votre compte PayPal.<\/li>\n\n\n\n<li>Virement bancaire : nous vous demanderons vos coordonn\u00e9es bancaires (IBAN\/BIC) pour pouvoir effectuer le virement correspondant au retour.<\/li>\n<\/ul>\n\n\n\n<p>Le montant correspondant aux articles retourn\u00e9s sera rembours\u00e9 sous r\u00e9serve que ceux-ci respectent les conditions de retour (article 2).<\/p>\n\n\n\n<h2 class=\"wp-block-heading\">Quand recevrai-je le montant de mon remboursement ?<\/h2>\n\n\n\n<p>Une fois que le transporteur aura r\u00e9cup\u00e9r\u00e9 le colis et nous l&rsquo;aura livr\u00e9, nous v\u00e9rifierons que le produit remplit toutes les conditions pour proc\u00e9der \u00e0 son retour. Ce processus peut prendre 14 jours. Une fois le retour accept\u00e9, l&rsquo;argent sera d\u00e9pos\u00e9 sur votre carte de cr\u00e9dit, votre compte PayPal ou votre compte bancaire. Le d\u00e9lai n\u00e9cessaire pour le voir refl\u00e9t\u00e9 sur votre compte peut varier selon la banque.   <\/p>\n\n\n\n<h2 class=\"wp-block-heading\">Dois-je payer quelque chose pour mon retour ?<\/h2>\n\n\n\n<p>Si le retour est d\u00fb \u00e0 des causes inh\u00e9rentes \u00e0 Mediterranean Wear,<\/p>\n\n\n\n<ul class=\"wp-block-list\">\n<li>L&rsquo;article livr\u00e9 ne correspond pas \u00e0 la commande pass\u00e9e<\/li>\n\n\n\n<li>L&rsquo;article livr\u00e9 pr\u00e9sente un d\u00e9faut de fabrication, les frais seront \u00e0 la charge de Mediterranean Wear.<\/li>\n<\/ul>\n\n\n\n<p><br\/>Si le retour ou l&rsquo;\u00e9change est d\u00fb \u00e0 une erreur du client lors de la passation de la commande, les frais seront \u00e0 la charge du client.<br\/>Au moment du traitement du retour, ces frais seront pr\u00e9cis\u00e9s et l&rsquo;accord sera demand\u00e9 au client.<\/p>\n<\/div>\n","protected":false},"excerpt":{"rendered":"<p>\u00c9changes et retours En cas de d\u00e9saccord, apr\u00e8s passation de la commande, par le client, seul l&rsquo;\u00e9change contre un autre article sera accept\u00e9 (si possible), pas le remboursement du montant. Quand puis-je effectuer un retour ou un \u00e9change ? L&rsquo;article livr\u00e9 ne correspond pas \u00e0 la commande pass\u00e9e. L&rsquo;article livr\u00e9 pr\u00e9sente un d\u00e9faut de fabrication. [&hellip;]<\/p>\n","protected":false},"author":1,"featured_media":0,"parent":0,"menu_order":0,"comment_status":"closed","ping_status":"closed","template":"","meta":{"footnotes":""},"class_list":["post-6702","page","type-page","status-publish","hentry"],"blocksy_meta":[],"yoast_head":"<!-- This site is optimized with the Yoast SEO plugin v27.5 - https:\/\/yoast.com\/product\/yoast-seo-wordpress\/ -->\n<title>\u00c9changes et retours - Mediterranean Wear<\/title>\n<meta name=\"robots\" content=\"index, follow, max-snippet:-1, max-image-preview:large, max-video-preview:-1\" \/>\n<link rel=\"canonical\" href=\"https:\/\/mediterraneanwear.com\/fr\/echanges-et-retours\/\" \/>\n<meta property=\"og:locale\" content=\"fr_FR\" \/>\n<meta property=\"og:type\" content=\"article\" \/>\n<meta property=\"og:title\" content=\"\u00c9changes et retours - Mediterranean Wear\" \/>\n<meta property=\"og:description\" content=\"\u00c9changes et retours En cas de d\u00e9saccord, apr\u00e8s passation de la commande, par le client, seul l&rsquo;\u00e9change contre un autre article sera accept\u00e9 (si possible), pas le remboursement du montant. Quand puis-je effectuer un retour ou un \u00e9change ? L&rsquo;article livr\u00e9 ne correspond pas \u00e0 la commande pass\u00e9e. L&rsquo;article livr\u00e9 pr\u00e9sente un d\u00e9faut de fabrication. [&hellip;]\" \/>\n<meta property=\"og:url\" content=\"https:\/\/mediterraneanwear.com\/fr\/echanges-et-retours\/\" \/>\n<meta property=\"og:site_name\" content=\"Mediterranean Wear\" \/>\n<meta property=\"article:publisher\" content=\"https:\/\/www.facebook.com\/mediterraneanwear\/\" \/>\n<meta property=\"article:modified_time\" content=\"2025-09-01T08:47:05+00:00\" \/>\n<meta name=\"twitter:card\" content=\"summary_large_image\" \/>\n<meta name=\"twitter:label1\" content=\"Dur\u00e9e de lecture estim\u00e9e\" \/>\n\t<meta name=\"twitter:data1\" content=\"7 minutes\" \/>\n<script type=\"application\/ld+json\" class=\"yoast-schema-graph\">{\"@context\":\"https:\\\/\\\/schema.org\",\"@graph\":[{\"@type\":\"WebPage\",\"@id\":\"https:\\\/\\\/mediterraneanwear.com\\\/fr\\\/echanges-et-retours\\\/\",\"url\":\"https:\\\/\\\/mediterraneanwear.com\\\/fr\\\/echanges-et-retours\\\/\",\"name\":\"\u00c9changes et retours - Mediterranean Wear\",\"isPartOf\":{\"@id\":\"https:\\\/\\\/mediterraneanwear.com\\\/fr\\\/#website\"},\"datePublished\":\"2024-12-13T10:03:43+00:00\",\"dateModified\":\"2025-09-01T08:47:05+00:00\",\"breadcrumb\":{\"@id\":\"https:\\\/\\\/mediterraneanwear.com\\\/fr\\\/echanges-et-retours\\\/#breadcrumb\"},\"inLanguage\":\"fr-FR\",\"potentialAction\":[{\"@type\":\"ReadAction\",\"target\":[\"https:\\\/\\\/mediterraneanwear.com\\\/fr\\\/echanges-et-retours\\\/\"]}]},{\"@type\":\"BreadcrumbList\",\"@id\":\"https:\\\/\\\/mediterraneanwear.com\\\/fr\\\/echanges-et-retours\\\/#breadcrumb\",\"itemListElement\":[{\"@type\":\"ListItem\",\"position\":1,\"name\":\"Portada\",\"item\":\"https:\\\/\\\/mediterraneanwear.com\\\/fr\\\/\"},{\"@type\":\"ListItem\",\"position\":2,\"name\":\"\u00c9changes et retours\"}]},{\"@type\":\"WebSite\",\"@id\":\"https:\\\/\\\/mediterraneanwear.com\\\/fr\\\/#website\",\"url\":\"https:\\\/\\\/mediterraneanwear.com\\\/fr\\\/\",\"name\":\"Mediterranean Wear\",\"description\":\"Mediterranean Wear\",\"publisher\":{\"@id\":\"https:\\\/\\\/mediterraneanwear.com\\\/fr\\\/#organization\"},\"potentialAction\":[{\"@type\":\"SearchAction\",\"target\":{\"@type\":\"EntryPoint\",\"urlTemplate\":\"https:\\\/\\\/mediterraneanwear.com\\\/fr\\\/?s={search_term_string}\"},\"query-input\":{\"@type\":\"PropertyValueSpecification\",\"valueRequired\":true,\"valueName\":\"search_term_string\"}}],\"inLanguage\":\"fr-FR\"},{\"@type\":\"Organization\",\"@id\":\"https:\\\/\\\/mediterraneanwear.com\\\/fr\\\/#organization\",\"name\":\"Mediterranean Wear\",\"url\":\"https:\\\/\\\/mediterraneanwear.com\\\/fr\\\/\",\"logo\":{\"@type\":\"ImageObject\",\"inLanguage\":\"fr-FR\",\"@id\":\"https:\\\/\\\/mediterraneanwear.com\\\/fr\\\/#\\\/schema\\\/logo\\\/image\\\/\",\"url\":\"https:\\\/\\\/mediterraneanwear.com\\\/wp-content\\\/uploads\\\/2025\\\/05\\\/LOGO-MediterraneanWear_2.png\",\"contentUrl\":\"https:\\\/\\\/mediterraneanwear.com\\\/wp-content\\\/uploads\\\/2025\\\/05\\\/LOGO-MediterraneanWear_2.png\",\"width\":566,\"height\":81,\"caption\":\"Mediterranean Wear\"},\"image\":{\"@id\":\"https:\\\/\\\/mediterraneanwear.com\\\/fr\\\/#\\\/schema\\\/logo\\\/image\\\/\"},\"sameAs\":[\"https:\\\/\\\/www.facebook.com\\\/mediterraneanwear\\\/\",\"https:\\\/\\\/www.instagram.com\\\/mediterraneanwear\\\/\"]}]}<\/script>\n<!-- \/ Yoast SEO plugin. -->","yoast_head_json":{"title":"\u00c9changes et retours - Mediterranean Wear","robots":{"index":"index","follow":"follow","max-snippet":"max-snippet:-1","max-image-preview":"max-image-preview:large","max-video-preview":"max-video-preview:-1"},"canonical":"https:\/\/mediterraneanwear.com\/fr\/echanges-et-retours\/","og_locale":"fr_FR","og_type":"article","og_title":"\u00c9changes et retours - Mediterranean Wear","og_description":"\u00c9changes et retours En cas de d\u00e9saccord, apr\u00e8s passation de la commande, par le client, seul l&rsquo;\u00e9change contre un autre article sera accept\u00e9 (si possible), pas le remboursement du montant. Quand puis-je effectuer un retour ou un \u00e9change ? L&rsquo;article livr\u00e9 ne correspond pas \u00e0 la commande pass\u00e9e. L&rsquo;article livr\u00e9 pr\u00e9sente un d\u00e9faut de fabrication. [&hellip;]","og_url":"https:\/\/mediterraneanwear.com\/fr\/echanges-et-retours\/","og_site_name":"Mediterranean Wear","article_publisher":"https:\/\/www.facebook.com\/mediterraneanwear\/","article_modified_time":"2025-09-01T08:47:05+00:00","twitter_card":"summary_large_image","twitter_misc":{"Dur\u00e9e de lecture estim\u00e9e":"7 minutes"},"schema":{"@context":"https:\/\/schema.org","@graph":[{"@type":"WebPage","@id":"https:\/\/mediterraneanwear.com\/fr\/echanges-et-retours\/","url":"https:\/\/mediterraneanwear.com\/fr\/echanges-et-retours\/","name":"\u00c9changes et retours - Mediterranean Wear","isPartOf":{"@id":"https:\/\/mediterraneanwear.com\/fr\/#website"},"datePublished":"2024-12-13T10:03:43+00:00","dateModified":"2025-09-01T08:47:05+00:00","breadcrumb":{"@id":"https:\/\/mediterraneanwear.com\/fr\/echanges-et-retours\/#breadcrumb"},"inLanguage":"fr-FR","potentialAction":[{"@type":"ReadAction","target":["https:\/\/mediterraneanwear.com\/fr\/echanges-et-retours\/"]}]},{"@type":"BreadcrumbList","@id":"https:\/\/mediterraneanwear.com\/fr\/echanges-et-retours\/#breadcrumb","itemListElement":[{"@type":"ListItem","position":1,"name":"Portada","item":"https:\/\/mediterraneanwear.com\/fr\/"},{"@type":"ListItem","position":2,"name":"\u00c9changes et retours"}]},{"@type":"WebSite","@id":"https:\/\/mediterraneanwear.com\/fr\/#website","url":"https:\/\/mediterraneanwear.com\/fr\/","name":"Mediterranean Wear","description":"Mediterranean Wear","publisher":{"@id":"https:\/\/mediterraneanwear.com\/fr\/#organization"},"potentialAction":[{"@type":"SearchAction","target":{"@type":"EntryPoint","urlTemplate":"https:\/\/mediterraneanwear.com\/fr\/?s={search_term_string}"},"query-input":{"@type":"PropertyValueSpecification","valueRequired":true,"valueName":"search_term_string"}}],"inLanguage":"fr-FR"},{"@type":"Organization","@id":"https:\/\/mediterraneanwear.com\/fr\/#organization","name":"Mediterranean Wear","url":"https:\/\/mediterraneanwear.com\/fr\/","logo":{"@type":"ImageObject","inLanguage":"fr-FR","@id":"https:\/\/mediterraneanwear.com\/fr\/#\/schema\/logo\/image\/","url":"https:\/\/mediterraneanwear.com\/wp-content\/uploads\/2025\/05\/LOGO-MediterraneanWear_2.png","contentUrl":"https:\/\/mediterraneanwear.com\/wp-content\/uploads\/2025\/05\/LOGO-MediterraneanWear_2.png","width":566,"height":81,"caption":"Mediterranean Wear"},"image":{"@id":"https:\/\/mediterraneanwear.com\/fr\/#\/schema\/logo\/image\/"},"sameAs":["https:\/\/www.facebook.com\/mediterraneanwear\/","https:\/\/www.instagram.com\/mediterraneanwear\/"]}]}},"_links":{"self":[{"href":"https:\/\/mediterraneanwear.com\/fr\/wp-json\/wp\/v2\/pages\/6702","targetHints":{"allow":["GET"]}}],"collection":[{"href":"https:\/\/mediterraneanwear.com\/fr\/wp-json\/wp\/v2\/pages"}],"about":[{"href":"https:\/\/mediterraneanwear.com\/fr\/wp-json\/wp\/v2\/types\/page"}],"author":[{"embeddable":true,"href":"https:\/\/mediterraneanwear.com\/fr\/wp-json\/wp\/v2\/users\/1"}],"replies":[{"embeddable":true,"href":"https:\/\/mediterraneanwear.com\/fr\/wp-json\/wp\/v2\/comments?post=6702"}],"version-history":[{"count":0,"href":"https:\/\/mediterraneanwear.com\/fr\/wp-json\/wp\/v2\/pages\/6702\/revisions"}],"wp:attachment":[{"href":"https:\/\/mediterraneanwear.com\/fr\/wp-json\/wp\/v2\/media?parent=6702"}],"curies":[{"name":"wp","href":"https:\/\/api.w.org\/{rel}","templated":true}]}}