{"id":6704,"date":"2024-12-13T11:03:25","date_gmt":"2024-12-13T10:03:25","guid":{"rendered":"https:\/\/mediterraneanwear.com\/expedition\/"},"modified":"2025-05-13T09:11:57","modified_gmt":"2025-05-13T08:11:57","slug":"expedition","status":"publish","type":"page","link":"https:\/\/mediterraneanwear.com\/fr\/expedition\/","title":{"rendered":"Exp\u00e9dition"},"content":{"rendered":"\n<h1 class=\"wp-block-heading has-text-align-center\" style=\"padding-right:0;padding-left:0\">Exp\u00e9dition<\/h1>\n\n<div id=\"pc\" class=\"wp-block-group is-vertical is-content-justification-left is-layout-flex wp-container-core-group-is-layout-91b0ceed wp-block-group-is-layout-flex\" style=\"margin-bottom:var(--wp--preset--spacing--60);padding-right:var(--wp--preset--spacing--80);padding-left:var(--wp--preset--spacing--80)\">\n<h3 class=\"wp-block-heading\">Combien de temps faudra-t-il pour que ma commande arrive ?<\/h3>\n\n\n\n<p>S&rsquo;il provient de la zone g\u00e9ographique de la p\u00e9ninsule ou des \u00eeles Bal\u00e9ares, le d\u00e9lai de livraison est g\u00e9n\u00e9ralement de trois ou quatre jours.<\/p>\n\n\n\n<p>Pour les exp\u00e9ditions vers les \u00eeles Canaries, contacttienda@mediterraneanwear.com.<\/p>\n\n\n\n<p>Dans le cas de l&rsquo;Europe, le d\u00e9lai de livraison est d&rsquo;environ 8 jours. <br\/><br\/><br\/><strong>Il faut prendre en compte :<\/strong><\/p>\n\n\n\n<p>Si vous effectuez l&rsquo;achat un samedi, un dimanche ou un jour f\u00e9ri\u00e9, l&rsquo;exp\u00e9dition sera trait\u00e9e le premier jour ouvrable suivant le jour de passation de la commande.<\/p>\n\n\n\n<p>Les week-ends ne sont pas des jours ouvrables (aussi bien dans notre entrep\u00f4t que dans les transports), ils ne seront donc pas compt\u00e9s dans le total des jours.<\/p>\n\n\n\n<p>Le d\u00e9lai estim\u00e9 de livraison de votre commande est celui que nous avons d\u00e9taill\u00e9 au premier point. \u00c9tant donn\u00e9 que ce d\u00e9lai pourrait \u00eatre prolong\u00e9 en raison de tout incident dans sa gestion, il en sera inform\u00e9 dans les plus brefs d\u00e9lais. <\/p>\n\n\n\n<p>Tous les articles sont soumis \u00e0 disponibilit\u00e9 dans notre entrep\u00f4t. Si nous ne sommes pas en mesure d&rsquo;exp\u00e9dier un produit, nous nous r\u00e9servons le droit de vous en informer par e-mail ou par t\u00e9l\u00e9phone, en vous proposant des articles similaires. Si vous ne souhaitez pas passer\/\u00e9changer la commande contre de tels articles de remplacement, nous vous rembourserons le montant du ou des articles que nous ne pouvons pas exp\u00e9dier.  <\/p>\n\n\n\n<p>En p\u00e9riode de forte activit\u00e9 (No\u00ebl, jours f\u00e9ri\u00e9s), les d\u00e9lais de livraison peuvent varier.<\/p>\n\n\n\n<h2 class=\"wp-block-heading\"><br\/>Puis-je acheter sur mediterraneanwear.com depuis un autre pays que l\u2019Espagne ?<\/h2>\n\n\n\n<p>Notre site mediterraneanwear.com permet l&rsquo;achat de nos articles en provenance de la p\u00e9ninsule et des \u00eeles Bal\u00e9ares.<\/p>\n\n\n\n<p>En Europe, vous pouvez acheter nos articles en France, en Allemagne, aux Pays-Bas, au Luxembourg et en Belgique. Depuis cette ann\u00e9e, nous avons \u00e9galement ajout\u00e9 le Portugal (zone continentale), l&rsquo;Italie, le Danemark et l&rsquo;Autriche. <br\/><br\/>Pour les autres pays (reste des pays de l&rsquo;UE), vous pouvez nous envoyer un email \u00e0 totienda@mediterraneanwear.com, avec les articles qui vous int\u00e9ressent et nous vous donnerons une \u00e9valuation, sans engagement de votre part.<\/p>\n\n\n\n<p><br\/>Dans les commandes pass\u00e9es aux \u00eeles Canaries, Ceuta et Melilla, ainsi que dans les exp\u00e9ditions internationales, le client sera seul responsable des d\u00e9penses suppl\u00e9mentaires que ladite exp\u00e9dition pourrait g\u00e9n\u00e9rer, telles que les frais bancaires, les frais de douane ou les d\u00e9clarations fiscales.<\/p>\n\n\n\n<h2 class=\"wp-block-heading\">O\u00f9 puis-je recevoir mon achat ?<\/h2>\n\n\n\n<p><br\/>L&rsquo;adresse de livraison peut \u00eatre diff\u00e9rente de l&rsquo;adresse de l&rsquo;acheteur, ce qui peut \u00eatre utile pour offrir un cadeau ou recevoir la commande au travail ou si vous \u00eates \u00e9loign\u00e9 de votre adresse habituelle.<\/p>\n\n\n\n<p>Votre achat sera envoy\u00e9 \u00e0 l&rsquo;adresse de livraison que vous indiquez dans vos informations d&rsquo;exp\u00e9dition.<\/p>\n\n\n\n<p><br\/>Nous avons le retrait des commandes disponible dans notre magasin physique \u00e0 Lloret de Mar. Par cons\u00e9quent, vous pouvez cocher l&rsquo;option \u00ab retrait en magasin \u00bb et nous vous informerons par e-mail lorsque la commande sera pr\u00eate \u00e0 \u00eatre r\u00e9cup\u00e9r\u00e9e. Cette option est enti\u00e8rement gratuite.  <\/p>\n\n\n\n<p><br\/>Si vous n&rsquo;\u00eates pas chez vous au moment de la livraison, le transporteur vous contactera par t\u00e9l\u00e9phone ou par email pour organiser la livraison. Il est important que nous disposions de vos informations compl\u00e8tes pour pouvoir vous contacter. <\/p>\n\n\n\n<h2 class=\"wp-block-heading\"><br\/>Combien co\u00fbtent les frais de port ?<\/h2>\n\n\n\n<p>P\u00e9ninsule \u2026\u2026\u2026\u2026\u2026\u2026&#8230;7\u20ac<\/p>\n\n\n\n<p>\u00celes Bal\u00e9ares \u2026\u2026\u2026\u2026\u2026.\u2026.15\u20ac<\/p>\n\n\n\n<p>Portugal&#8230;&#8230;&#8230;&#8230; 10\u20ac <\/p>\n\n\n\n<p>France \u2026\u2026\u2026\u2026..\u2026\u2026..20\u20ac<br\/><br\/><br\/>Resto de Europa * \u2026&#8230;25\u20ac (Alemania, Holanda, Luxemburgo, B\u00e9lgica, Italia, Dinamarca y Austria) <\/p>\n\n\n\n<p>Pour plus d&rsquo;informations, pour conna\u00eetre les frais d&rsquo;exp\u00e9dition et d&rsquo;autres d\u00e9tails, \u00e9crivez-nous \u00e0 attienda@mediterraneanwear.com.<\/p>\n\n\n\n<p><strong>Remarque<\/strong> : Actuellement, notre site Web est adapt\u00e9 aux exp\u00e9ditions vers les pays mentionn\u00e9s ci-dessus. En cas d&rsquo;envois vers d&rsquo;autres pays (appartenant \u00e0 l&rsquo;UE), contactez-nous \u00e0 attienda@mediterraneanwear.com. Un devis de commande vous sera remis avec les frais de port pour demander votre accord avant de pr\u00e9parer l&rsquo;exp\u00e9dition.  <br\/><\/p>\n\n\n\n<h2 class=\"wp-block-heading\">Avec quelle soci\u00e9t\u00e9 de transport envoyons-nous le colis ?<\/h2>\n\n\n\n<p>En r\u00e8gle g\u00e9n\u00e9rale, nous travaillons avec GLS. Si nous le jugeons n\u00e9cessaire, nous nous r\u00e9servons la possibilit\u00e9 d&rsquo;utiliser un autre moyen de transport. Dans ce cas, si ce changement est susceptible de faire varier l&rsquo;une des conditions de livraison, vous en serez inform\u00e9 par email.  <\/p>\n\n\n\n<p>Lorsque votre commande sera en route, vous recevrez un e-mail avec la notification.<\/p>\n\n\n\n<h2 class=\"wp-block-heading\">Comment puis-je suivre ma commande ?<\/h2>\n\n\n\n<p>Mediterraneanwear vous informera du processus de pr\u00e9paration et d&rsquo;exp\u00e9dition de votre commande par email. Vous pouvez \u00e9galement vous connecter \u00e0 votre compte, acc\u00e9der \u00e0 la commande et la suivre. Une fois que Mediterraneanwear livrera le colis \u00e0 la soci\u00e9t\u00e9 de transport, ce sera celle-ci qui vous informera du suivi du colis.  <\/p>\n\n\n\n<h2 class=\"wp-block-heading\"><br\/>Quels sont les modes de paiement disponibles ?<\/h2>\n\n\n\n<ul class=\"wp-block-list\">\n<li>Carte de cr\u00e9dit (VISA, MASTERCARD)<\/li>\n\n\n\n<li>PayPal<\/li>\n\n\n\n<li>Virement bancaire<\/li>\n\n\n\n<li>bizum<\/li>\n\n\n\n<li>Paiement \u00e0 la livraison (pour Peninsula)<\/li>\n<\/ul>\n\n\n\n<p><br\/>En cas de paiement \u00e0 la livraison, un r\u00e8glement de 3 \u20ac sera appliqu\u00e9 pour frais de gestion.<\/p>\n\n\n\n<p><\/p>\n<\/div>\n\n<div id=\"mobil\" class=\"wp-block-group is-vertical is-content-justification-left is-layout-flex wp-container-core-group-is-layout-1472f0b0 wp-block-group-is-layout-flex\" style=\"margin-bottom:var(--wp--preset--spacing--60);padding-right:0;padding-left:0\">\n<h3 class=\"wp-block-heading\">Combien de temps faudra-t-il pour que ma commande arrive ?<\/h3>\n\n\n\n<p>S&rsquo;il provient de la zone g\u00e9ographique de la p\u00e9ninsule ou des \u00eeles Bal\u00e9ares, le d\u00e9lai de livraison est g\u00e9n\u00e9ralement de trois ou quatre jours.<\/p>\n\n\n\n<p>Pour les exp\u00e9ditions vers les \u00eeles Canaries, contacttienda@mediterraneanwear.com.<\/p>\n\n\n\n<p>Dans le cas de l&rsquo;Europe, le d\u00e9lai de livraison est d&rsquo;environ 8 jours. <br\/><br\/><br\/><strong>Il faut prendre en compte :<\/strong><\/p>\n\n\n\n<p>Si vous effectuez l&rsquo;achat un samedi, un dimanche ou un jour f\u00e9ri\u00e9, l&rsquo;exp\u00e9dition sera trait\u00e9e le premier jour ouvrable suivant le jour de passation de la commande.<\/p>\n\n\n\n<p>Les week-ends ne sont pas des jours ouvrables (aussi bien dans notre entrep\u00f4t que dans les transports), ils ne seront donc pas compt\u00e9s dans le total des jours.<\/p>\n\n\n\n<p>Le d\u00e9lai estim\u00e9 de livraison de votre commande est celui que nous avons d\u00e9taill\u00e9 au premier point. \u00c9tant donn\u00e9 que ce d\u00e9lai pourrait \u00eatre prolong\u00e9 en raison de tout incident dans sa gestion, il en sera inform\u00e9 dans les plus brefs d\u00e9lais. <\/p>\n\n\n\n<p>Tous les articles sont soumis \u00e0 disponibilit\u00e9 dans notre entrep\u00f4t. Si nous ne sommes pas en mesure d&rsquo;exp\u00e9dier un produit, nous nous r\u00e9servons le droit de vous en informer par e-mail ou par t\u00e9l\u00e9phone, en vous proposant des articles similaires. Si vous ne souhaitez pas passer\/\u00e9changer la commande contre de tels articles de remplacement, nous vous rembourserons le montant du ou des articles que nous ne pouvons pas exp\u00e9dier.  <\/p>\n\n\n\n<p>En p\u00e9riode de forte activit\u00e9 (No\u00ebl, jours f\u00e9ri\u00e9s), les d\u00e9lais de livraison peuvent varier.<\/p>\n\n\n\n<h2 class=\"wp-block-heading\"><br\/>Puis-je acheter dans un autre pays que l&rsquo;Espagne ?<\/h2>\n\n\n\n<p>Notre site mediterraneanwear.com permet l&rsquo;achat de nos articles en provenance de la p\u00e9ninsule et des \u00eeles Bal\u00e9ares.<\/p>\n\n\n\n<p>En Europe, vous pouvez acheter nos articles en France, en Allemagne, aux Pays-Bas, au Luxembourg et en Belgique. Depuis cette ann\u00e9e, nous avons \u00e9galement ajout\u00e9 le Portugal (zone continentale), l&rsquo;Italie, le Danemark et l&rsquo;Autriche. <br\/><br\/>Pour les autres pays (reste des pays de l&rsquo;UE), vous pouvez nous envoyer un email \u00e0 totienda@mediterraneanwear.com, avec les articles qui vous int\u00e9ressent et nous vous donnerons une \u00e9valuation, sans engagement de votre part.<\/p>\n\n\n\n<p><br\/>Dans les commandes pass\u00e9es aux \u00eeles Canaries, Ceuta et Melilla, ainsi que dans les exp\u00e9ditions internationales, le client sera seul responsable des d\u00e9penses suppl\u00e9mentaires que ladite exp\u00e9dition pourrait g\u00e9n\u00e9rer, telles que les frais bancaires, les frais de douane ou les d\u00e9clarations fiscales.<\/p>\n\n\n\n<h2 class=\"wp-block-heading\">O\u00f9 puis-je recevoir mon achat ?<\/h2>\n\n\n\n<p><br\/>L&rsquo;adresse de livraison peut \u00eatre diff\u00e9rente de l&rsquo;adresse de l&rsquo;acheteur, ce qui peut \u00eatre utile pour offrir un cadeau ou recevoir la commande au travail ou si vous \u00eates \u00e9loign\u00e9 de votre adresse habituelle.<\/p>\n\n\n\n<p>Votre achat sera envoy\u00e9 \u00e0 l&rsquo;adresse de livraison que vous indiquez dans vos informations d&rsquo;exp\u00e9dition.<\/p>\n\n\n\n<p><br\/>Nous avons le retrait des commandes disponible dans notre magasin physique \u00e0 Lloret de Mar. Par cons\u00e9quent, vous pouvez cocher l&rsquo;option \u00ab retrait en magasin \u00bb et nous vous informerons par e-mail lorsque la commande sera pr\u00eate \u00e0 \u00eatre r\u00e9cup\u00e9r\u00e9e. Cette option est enti\u00e8rement gratuite.  <\/p>\n\n\n\n<p><br\/>Si vous n&rsquo;\u00eates pas chez vous au moment de la livraison, le transporteur vous contactera par t\u00e9l\u00e9phone ou par email pour organiser la livraison. Il est important que nous disposions de vos informations compl\u00e8tes pour pouvoir vous contacter. <\/p>\n\n\n\n<h2 class=\"wp-block-heading\"><br\/>Combien co\u00fbtent les frais de port ?<\/h2>\n\n\n\n<p>Pen\u00ednsula \u2026\u2026\u2026\u2026\u2026\u20266\u20ac<\/p>\n\n\n\n<p>\u00celes Bal\u00e9ares \u2026\u2026\u2026\u2026\u2026.\u2026.15\u20ac<\/p>\n\n\n\n<p>Portugal&#8230;&#8230;&#8230;&#8230;&#8230;&#8230;.. 10\u20ac<\/p>\n\n\n\n<p>France \u2026\u2026\u2026\u2026..\u2026\u2026. 20 \u20ac<br\/><br\/><br\/>Reste de l&rsquo;Europe * \u2026&#8230;25\u20ac (Allemagne, Pays-Bas, Luxembourg, Belgique, Italie, Danemark et Autriche) <\/p>\n\n\n\n<p>Pour plus d&rsquo;informations, pour conna\u00eetre les frais d&rsquo;exp\u00e9dition et d&rsquo;autres d\u00e9tails, \u00e9crivez-nous \u00e0 attienda@mediterraneanwear.com.<\/p>\n\n\n\n<p><strong>Remarque<\/strong> : Actuellement, notre site Web est adapt\u00e9 aux exp\u00e9ditions vers les pays mentionn\u00e9s ci-dessus. En cas d&rsquo;envois vers d&rsquo;autres pays (appartenant \u00e0 l&rsquo;UE), contactez-nous \u00e0 attienda@mediterraneanwear.com. Un devis de commande vous sera remis avec les frais de port pour demander votre accord avant de pr\u00e9parer l&rsquo;exp\u00e9dition.  <br\/><\/p>\n\n\n\n<h2 class=\"wp-block-heading\">Avec quelle soci\u00e9t\u00e9 de transport envoyons-nous le colis ?<\/h2>\n\n\n\n<p>En r\u00e8gle g\u00e9n\u00e9rale, nous travaillons avec GLS. Si nous le jugeons n\u00e9cessaire, nous nous r\u00e9servons la possibilit\u00e9 d&rsquo;utiliser un autre moyen de transport. Dans ce cas, si ce changement est susceptible de faire varier l&rsquo;une des conditions de livraison, vous en serez inform\u00e9 par email.  <\/p>\n\n\n\n<p>Lorsque votre commande sera en route, vous recevrez un e-mail avec la notification.<\/p>\n\n\n\n<h2 class=\"wp-block-heading\">Comment puis-je suivre ma commande ?<\/h2>\n\n\n\n<p>Mediterraneanwear vous informera du processus de pr\u00e9paration et d&rsquo;exp\u00e9dition de votre commande par email. Vous pouvez \u00e9galement vous connecter \u00e0 votre compte, acc\u00e9der \u00e0 la commande et la suivre. Une fois que Mediterraneanwear livrera le colis \u00e0 la soci\u00e9t\u00e9 de transport, ce sera celle-ci qui vous informera du suivi du colis.  <\/p>\n\n\n\n<h2 class=\"wp-block-heading\"><br\/>Quels sont les modes de paiement disponibles ?<\/h2>\n\n\n\n<ul class=\"wp-block-list\">\n<li>Carte de cr\u00e9dit (VISA, MASTERCARD)<\/li>\n\n\n\n<li>PayPal<\/li>\n\n\n\n<li>Virement bancaire<\/li>\n\n\n\n<li>Paiement \u00e0 la livraison (pour Peninsula)<\/li>\n<\/ul>\n\n\n\n<p><br\/>En cas de paiement \u00e0 la livraison, un r\u00e8glement de 3 \u20ac sera appliqu\u00e9 pour frais de gestion.<\/p>\n\n\n\n<p><\/p>\n<\/div>\n","protected":false},"excerpt":{"rendered":"<p>Exp\u00e9dition Combien de temps faudra-t-il pour que ma commande arrive ? S&rsquo;il provient de la zone g\u00e9ographique de la p\u00e9ninsule ou des \u00eeles Bal\u00e9ares, le d\u00e9lai de livraison est g\u00e9n\u00e9ralement de trois ou quatre jours. Pour les exp\u00e9ditions vers les \u00eeles Canaries, contacttienda@mediterraneanwear.com. Dans le cas de l&rsquo;Europe, le d\u00e9lai de livraison est d&rsquo;environ 8 [&hellip;]<\/p>\n","protected":false},"author":1,"featured_media":0,"parent":0,"menu_order":0,"comment_status":"closed","ping_status":"closed","template":"","meta":{"footnotes":""},"class_list":["post-6704","page","type-page","status-publish","hentry"],"blocksy_meta":[],"yoast_head":"<!-- This site is optimized with the Yoast SEO plugin v27.4 - https:\/\/yoast.com\/product\/yoast-seo-wordpress\/ -->\n<title>Exp\u00e9dition - Mediterranean Wear<\/title>\n<meta name=\"robots\" content=\"index, follow, max-snippet:-1, max-image-preview:large, max-video-preview:-1\" \/>\n<link rel=\"canonical\" href=\"https:\/\/mediterraneanwear.com\/fr\/expedition\/\" \/>\n<meta property=\"og:locale\" content=\"fr_FR\" \/>\n<meta property=\"og:type\" content=\"article\" \/>\n<meta property=\"og:title\" content=\"Exp\u00e9dition - Mediterranean Wear\" \/>\n<meta property=\"og:description\" content=\"Exp\u00e9dition Combien de temps faudra-t-il pour que ma commande arrive ? S&rsquo;il provient de la zone g\u00e9ographique de la p\u00e9ninsule ou des \u00eeles Bal\u00e9ares, le d\u00e9lai de livraison est g\u00e9n\u00e9ralement de trois ou quatre jours. Pour les exp\u00e9ditions vers les \u00eeles Canaries, contacttienda@mediterraneanwear.com. Dans le cas de l&rsquo;Europe, le d\u00e9lai de livraison est d&rsquo;environ 8 [&hellip;]\" \/>\n<meta property=\"og:url\" content=\"https:\/\/mediterraneanwear.com\/fr\/expedition\/\" \/>\n<meta property=\"og:site_name\" content=\"Mediterranean Wear\" \/>\n<meta property=\"article:publisher\" content=\"https:\/\/www.facebook.com\/mediterraneanwear\/\" \/>\n<meta property=\"article:modified_time\" content=\"2025-05-13T08:11:57+00:00\" \/>\n<meta name=\"twitter:card\" content=\"summary_large_image\" \/>\n<meta name=\"twitter:label1\" content=\"Dur\u00e9e de lecture estim\u00e9e\" \/>\n\t<meta name=\"twitter:data1\" content=\"8 minutes\" \/>\n<script type=\"application\/ld+json\" class=\"yoast-schema-graph\">{\"@context\":\"https:\\\/\\\/schema.org\",\"@graph\":[{\"@type\":\"WebPage\",\"@id\":\"https:\\\/\\\/mediterraneanwear.com\\\/fr\\\/expedition\\\/\",\"url\":\"https:\\\/\\\/mediterraneanwear.com\\\/fr\\\/expedition\\\/\",\"name\":\"Exp\u00e9dition - Mediterranean Wear\",\"isPartOf\":{\"@id\":\"https:\\\/\\\/mediterraneanwear.com\\\/fr\\\/#website\"},\"datePublished\":\"2024-12-13T10:03:25+00:00\",\"dateModified\":\"2025-05-13T08:11:57+00:00\",\"breadcrumb\":{\"@id\":\"https:\\\/\\\/mediterraneanwear.com\\\/fr\\\/expedition\\\/#breadcrumb\"},\"inLanguage\":\"fr-FR\",\"potentialAction\":[{\"@type\":\"ReadAction\",\"target\":[\"https:\\\/\\\/mediterraneanwear.com\\\/fr\\\/expedition\\\/\"]}]},{\"@type\":\"BreadcrumbList\",\"@id\":\"https:\\\/\\\/mediterraneanwear.com\\\/fr\\\/expedition\\\/#breadcrumb\",\"itemListElement\":[{\"@type\":\"ListItem\",\"position\":1,\"name\":\"Portada\",\"item\":\"https:\\\/\\\/mediterraneanwear.com\\\/fr\\\/\"},{\"@type\":\"ListItem\",\"position\":2,\"name\":\"Exp\u00e9dition\"}]},{\"@type\":\"WebSite\",\"@id\":\"https:\\\/\\\/mediterraneanwear.com\\\/fr\\\/#website\",\"url\":\"https:\\\/\\\/mediterraneanwear.com\\\/fr\\\/\",\"name\":\"Mediterranean Wear\",\"description\":\"Mediterranean Wear\",\"publisher\":{\"@id\":\"https:\\\/\\\/mediterraneanwear.com\\\/fr\\\/#organization\"},\"potentialAction\":[{\"@type\":\"SearchAction\",\"target\":{\"@type\":\"EntryPoint\",\"urlTemplate\":\"https:\\\/\\\/mediterraneanwear.com\\\/fr\\\/?s={search_term_string}\"},\"query-input\":{\"@type\":\"PropertyValueSpecification\",\"valueRequired\":true,\"valueName\":\"search_term_string\"}}],\"inLanguage\":\"fr-FR\"},{\"@type\":\"Organization\",\"@id\":\"https:\\\/\\\/mediterraneanwear.com\\\/fr\\\/#organization\",\"name\":\"Mediterranean Wear\",\"url\":\"https:\\\/\\\/mediterraneanwear.com\\\/fr\\\/\",\"logo\":{\"@type\":\"ImageObject\",\"inLanguage\":\"fr-FR\",\"@id\":\"https:\\\/\\\/mediterraneanwear.com\\\/fr\\\/#\\\/schema\\\/logo\\\/image\\\/\",\"url\":\"https:\\\/\\\/mediterraneanwear.com\\\/wp-content\\\/uploads\\\/2025\\\/05\\\/LOGO-MediterraneanWear_2.png\",\"contentUrl\":\"https:\\\/\\\/mediterraneanwear.com\\\/wp-content\\\/uploads\\\/2025\\\/05\\\/LOGO-MediterraneanWear_2.png\",\"width\":566,\"height\":81,\"caption\":\"Mediterranean Wear\"},\"image\":{\"@id\":\"https:\\\/\\\/mediterraneanwear.com\\\/fr\\\/#\\\/schema\\\/logo\\\/image\\\/\"},\"sameAs\":[\"https:\\\/\\\/www.facebook.com\\\/mediterraneanwear\\\/\",\"https:\\\/\\\/www.instagram.com\\\/mediterraneanwear\\\/\"]}]}<\/script>\n<!-- \/ Yoast SEO plugin. -->","yoast_head_json":{"title":"Exp\u00e9dition - Mediterranean Wear","robots":{"index":"index","follow":"follow","max-snippet":"max-snippet:-1","max-image-preview":"max-image-preview:large","max-video-preview":"max-video-preview:-1"},"canonical":"https:\/\/mediterraneanwear.com\/fr\/expedition\/","og_locale":"fr_FR","og_type":"article","og_title":"Exp\u00e9dition - Mediterranean Wear","og_description":"Exp\u00e9dition Combien de temps faudra-t-il pour que ma commande arrive ? S&rsquo;il provient de la zone g\u00e9ographique de la p\u00e9ninsule ou des \u00eeles Bal\u00e9ares, le d\u00e9lai de livraison est g\u00e9n\u00e9ralement de trois ou quatre jours. Pour les exp\u00e9ditions vers les \u00eeles Canaries, contacttienda@mediterraneanwear.com. Dans le cas de l&rsquo;Europe, le d\u00e9lai de livraison est d&rsquo;environ 8 [&hellip;]","og_url":"https:\/\/mediterraneanwear.com\/fr\/expedition\/","og_site_name":"Mediterranean Wear","article_publisher":"https:\/\/www.facebook.com\/mediterraneanwear\/","article_modified_time":"2025-05-13T08:11:57+00:00","twitter_card":"summary_large_image","twitter_misc":{"Dur\u00e9e de lecture estim\u00e9e":"8 minutes"},"schema":{"@context":"https:\/\/schema.org","@graph":[{"@type":"WebPage","@id":"https:\/\/mediterraneanwear.com\/fr\/expedition\/","url":"https:\/\/mediterraneanwear.com\/fr\/expedition\/","name":"Exp\u00e9dition - Mediterranean Wear","isPartOf":{"@id":"https:\/\/mediterraneanwear.com\/fr\/#website"},"datePublished":"2024-12-13T10:03:25+00:00","dateModified":"2025-05-13T08:11:57+00:00","breadcrumb":{"@id":"https:\/\/mediterraneanwear.com\/fr\/expedition\/#breadcrumb"},"inLanguage":"fr-FR","potentialAction":[{"@type":"ReadAction","target":["https:\/\/mediterraneanwear.com\/fr\/expedition\/"]}]},{"@type":"BreadcrumbList","@id":"https:\/\/mediterraneanwear.com\/fr\/expedition\/#breadcrumb","itemListElement":[{"@type":"ListItem","position":1,"name":"Portada","item":"https:\/\/mediterraneanwear.com\/fr\/"},{"@type":"ListItem","position":2,"name":"Exp\u00e9dition"}]},{"@type":"WebSite","@id":"https:\/\/mediterraneanwear.com\/fr\/#website","url":"https:\/\/mediterraneanwear.com\/fr\/","name":"Mediterranean Wear","description":"Mediterranean Wear","publisher":{"@id":"https:\/\/mediterraneanwear.com\/fr\/#organization"},"potentialAction":[{"@type":"SearchAction","target":{"@type":"EntryPoint","urlTemplate":"https:\/\/mediterraneanwear.com\/fr\/?s={search_term_string}"},"query-input":{"@type":"PropertyValueSpecification","valueRequired":true,"valueName":"search_term_string"}}],"inLanguage":"fr-FR"},{"@type":"Organization","@id":"https:\/\/mediterraneanwear.com\/fr\/#organization","name":"Mediterranean Wear","url":"https:\/\/mediterraneanwear.com\/fr\/","logo":{"@type":"ImageObject","inLanguage":"fr-FR","@id":"https:\/\/mediterraneanwear.com\/fr\/#\/schema\/logo\/image\/","url":"https:\/\/mediterraneanwear.com\/wp-content\/uploads\/2025\/05\/LOGO-MediterraneanWear_2.png","contentUrl":"https:\/\/mediterraneanwear.com\/wp-content\/uploads\/2025\/05\/LOGO-MediterraneanWear_2.png","width":566,"height":81,"caption":"Mediterranean Wear"},"image":{"@id":"https:\/\/mediterraneanwear.com\/fr\/#\/schema\/logo\/image\/"},"sameAs":["https:\/\/www.facebook.com\/mediterraneanwear\/","https:\/\/www.instagram.com\/mediterraneanwear\/"]}]}},"_links":{"self":[{"href":"https:\/\/mediterraneanwear.com\/fr\/wp-json\/wp\/v2\/pages\/6704","targetHints":{"allow":["GET"]}}],"collection":[{"href":"https:\/\/mediterraneanwear.com\/fr\/wp-json\/wp\/v2\/pages"}],"about":[{"href":"https:\/\/mediterraneanwear.com\/fr\/wp-json\/wp\/v2\/types\/page"}],"author":[{"embeddable":true,"href":"https:\/\/mediterraneanwear.com\/fr\/wp-json\/wp\/v2\/users\/1"}],"replies":[{"embeddable":true,"href":"https:\/\/mediterraneanwear.com\/fr\/wp-json\/wp\/v2\/comments?post=6704"}],"version-history":[{"count":0,"href":"https:\/\/mediterraneanwear.com\/fr\/wp-json\/wp\/v2\/pages\/6704\/revisions"}],"wp:attachment":[{"href":"https:\/\/mediterraneanwear.com\/fr\/wp-json\/wp\/v2\/media?parent=6704"}],"curies":[{"name":"wp","href":"https:\/\/api.w.org\/{rel}","templated":true}]}}