{"id":11768,"date":"2025-07-27T08:49:07","date_gmt":"2025-07-27T07:49:07","guid":{"rendered":"https:\/\/mediterraneanwear.com\/?post_type=product&#038;p=11768"},"modified":"2025-08-30T17:25:18","modified_gmt":"2025-08-30T16:25:18","slug":"t-shirt-femme-soleil-copia","status":"publish","type":"product","link":"https:\/\/mediterraneanwear.com\/fr\/producto\/t-shirt-femme-soleil-copia\/","title":{"rendered":"T-SHIRT FEMME D\u00c9BARDEUR \u00c9TOILES"},"content":{"rendered":"<p>T-shirt 100% coton pour femme, d\u00e9bardeur, lav\u00e9es et vieillies, imprim\u00e9 et\u00f4iles, couleur terracota..<\/p>\n","protected":false},"excerpt":{"rendered":"<p>T-shirt 100% coton pour femme, d\u00e9bardeur, lav\u00e9es et vieillies, imprim\u00e9 et\u00f4iles, couleur terracota..<\/p>\n","protected":false},"featured_media":11777,"template":"","meta":[],"product_brand":[],"product_cat":[350,347],"product_tag":[298],"class_list":{"0":"post-11768","1":"product","2":"type-product","3":"status-publish","4":"has-post-thumbnail","6":"product_cat-femmes","7":"product_cat-t-shirts-femme","8":"product_tag-sargantana-fr","9":"pa_talla-l","10":"pa_talla-m","11":"pa_talla-s","12":"pa_talla-xl","13":"pa_talla-xxl","15":"first","16":"instock","17":"taxable","18":"shipping-taxable","19":"purchasable","20":"product-type-variable"},"yoast_head":"<!-- This site is optimized with the Yoast SEO plugin v27.4 - https:\/\/yoast.com\/product\/yoast-seo-wordpress\/ -->\n<title>T-SHIRT FEMME D\u00c9BARDEUR \u00c9TOILES - Mediterranean Wear<\/title>\n<meta name=\"robots\" content=\"index, follow, max-snippet:-1, max-image-preview:large, max-video-preview:-1\" \/>\n<link rel=\"canonical\" href=\"https:\/\/mediterraneanwear.com\/fr\/producto\/t-shirt-femme-soleil-copia\/\" \/>\n<meta property=\"og:locale\" content=\"fr_FR\" \/>\n<meta property=\"og:type\" content=\"article\" \/>\n<meta property=\"og:title\" content=\"T-SHIRT FEMME D\u00c9BARDEUR \u00c9TOILES - Mediterranean Wear\" \/>\n<meta property=\"og:description\" content=\"T-shirt 100% coton pour femme, d\u00e9bardeur, lav\u00e9es et vieillies, imprim\u00e9 et\u00f4iles, couleur terracota..\" \/>\n<meta property=\"og:url\" content=\"https:\/\/mediterraneanwear.com\/fr\/producto\/t-shirt-femme-soleil-copia\/\" \/>\n<meta property=\"og:site_name\" content=\"Mediterranean Wear\" \/>\n<meta property=\"article:publisher\" content=\"https:\/\/www.facebook.com\/mediterraneanwear\/\" \/>\n<meta property=\"article:modified_time\" content=\"2025-08-30T16:25:18+00:00\" \/>\n<meta property=\"og:image\" content=\"https:\/\/mediterraneanwear.com\/wp-content\/uploads\/2025\/07\/ref-8713-3461.png\" \/>\n\t<meta property=\"og:image:width\" content=\"1080\" \/>\n\t<meta property=\"og:image:height\" content=\"1080\" \/>\n\t<meta property=\"og:image:type\" content=\"image\/png\" \/>\n<meta name=\"twitter:card\" content=\"summary_large_image\" \/>\n<script type=\"application\/ld+json\" class=\"yoast-schema-graph\">{\"@context\":\"https:\\\/\\\/schema.org\",\"@graph\":[{\"@type\":\"WebPage\",\"@id\":\"https:\\\/\\\/mediterraneanwear.com\\\/fr\\\/producto\\\/t-shirt-femme-soleil-copia\\\/\",\"url\":\"https:\\\/\\\/mediterraneanwear.com\\\/fr\\\/producto\\\/t-shirt-femme-soleil-copia\\\/\",\"name\":\"T-SHIRT FEMME D\u00c9BARDEUR \u00c9TOILES - Mediterranean Wear\",\"isPartOf\":{\"@id\":\"https:\\\/\\\/mediterraneanwear.com\\\/fr\\\/#website\"},\"primaryImageOfPage\":{\"@id\":\"https:\\\/\\\/mediterraneanwear.com\\\/fr\\\/producto\\\/t-shirt-femme-soleil-copia\\\/#primaryimage\"},\"image\":{\"@id\":\"https:\\\/\\\/mediterraneanwear.com\\\/fr\\\/producto\\\/t-shirt-femme-soleil-copia\\\/#primaryimage\"},\"thumbnailUrl\":\"https:\\\/\\\/mediterraneanwear.com\\\/wp-content\\\/uploads\\\/2025\\\/07\\\/ref-8713-3461.png\",\"datePublished\":\"2025-07-27T07:49:07+00:00\",\"dateModified\":\"2025-08-30T16:25:18+00:00\",\"breadcrumb\":{\"@id\":\"https:\\\/\\\/mediterraneanwear.com\\\/fr\\\/producto\\\/t-shirt-femme-soleil-copia\\\/#breadcrumb\"},\"inLanguage\":\"fr-FR\",\"potentialAction\":[{\"@type\":\"ReadAction\",\"target\":[\"https:\\\/\\\/mediterraneanwear.com\\\/fr\\\/producto\\\/t-shirt-femme-soleil-copia\\\/\"]}]},{\"@type\":\"ImageObject\",\"inLanguage\":\"fr-FR\",\"@id\":\"https:\\\/\\\/mediterraneanwear.com\\\/fr\\\/producto\\\/t-shirt-femme-soleil-copia\\\/#primaryimage\",\"url\":\"https:\\\/\\\/mediterraneanwear.com\\\/wp-content\\\/uploads\\\/2025\\\/07\\\/ref-8713-3461.png\",\"contentUrl\":\"https:\\\/\\\/mediterraneanwear.com\\\/wp-content\\\/uploads\\\/2025\\\/07\\\/ref-8713-3461.png\",\"width\":1080,\"height\":1080},{\"@type\":\"BreadcrumbList\",\"@id\":\"https:\\\/\\\/mediterraneanwear.com\\\/fr\\\/producto\\\/t-shirt-femme-soleil-copia\\\/#breadcrumb\",\"itemListElement\":[{\"@type\":\"ListItem\",\"position\":1,\"name\":\"Portada\",\"item\":\"https:\\\/\\\/mediterraneanwear.com\\\/fr\\\/\"},{\"@type\":\"ListItem\",\"position\":2,\"name\":\"Magasin\",\"item\":\"https:\\\/\\\/mediterraneanwear.com\\\/fr\\\/magasin\\\/\"},{\"@type\":\"ListItem\",\"position\":3,\"name\":\"T-SHIRT FEMME D\u00c9BARDEUR \u00c9TOILES\"}]},{\"@type\":\"WebSite\",\"@id\":\"https:\\\/\\\/mediterraneanwear.com\\\/fr\\\/#website\",\"url\":\"https:\\\/\\\/mediterraneanwear.com\\\/fr\\\/\",\"name\":\"Mediterranean Wear\",\"description\":\"Mediterranean Wear\",\"publisher\":{\"@id\":\"https:\\\/\\\/mediterraneanwear.com\\\/fr\\\/#organization\"},\"potentialAction\":[{\"@type\":\"SearchAction\",\"target\":{\"@type\":\"EntryPoint\",\"urlTemplate\":\"https:\\\/\\\/mediterraneanwear.com\\\/fr\\\/?s={search_term_string}\"},\"query-input\":{\"@type\":\"PropertyValueSpecification\",\"valueRequired\":true,\"valueName\":\"search_term_string\"}}],\"inLanguage\":\"fr-FR\"},{\"@type\":\"Organization\",\"@id\":\"https:\\\/\\\/mediterraneanwear.com\\\/fr\\\/#organization\",\"name\":\"Mediterranean Wear\",\"url\":\"https:\\\/\\\/mediterraneanwear.com\\\/fr\\\/\",\"logo\":{\"@type\":\"ImageObject\",\"inLanguage\":\"fr-FR\",\"@id\":\"https:\\\/\\\/mediterraneanwear.com\\\/fr\\\/#\\\/schema\\\/logo\\\/image\\\/\",\"url\":\"https:\\\/\\\/mediterraneanwear.com\\\/wp-content\\\/uploads\\\/2025\\\/05\\\/LOGO-MediterraneanWear_2.png\",\"contentUrl\":\"https:\\\/\\\/mediterraneanwear.com\\\/wp-content\\\/uploads\\\/2025\\\/05\\\/LOGO-MediterraneanWear_2.png\",\"width\":566,\"height\":81,\"caption\":\"Mediterranean Wear\"},\"image\":{\"@id\":\"https:\\\/\\\/mediterraneanwear.com\\\/fr\\\/#\\\/schema\\\/logo\\\/image\\\/\"},\"sameAs\":[\"https:\\\/\\\/www.facebook.com\\\/mediterraneanwear\\\/\",\"https:\\\/\\\/www.instagram.com\\\/mediterraneanwear\\\/\"]}]}<\/script>\n<!-- \/ Yoast SEO plugin. -->","yoast_head_json":{"title":"T-SHIRT FEMME D\u00c9BARDEUR \u00c9TOILES - Mediterranean Wear","robots":{"index":"index","follow":"follow","max-snippet":"max-snippet:-1","max-image-preview":"max-image-preview:large","max-video-preview":"max-video-preview:-1"},"canonical":"https:\/\/mediterraneanwear.com\/fr\/producto\/t-shirt-femme-soleil-copia\/","og_locale":"fr_FR","og_type":"article","og_title":"T-SHIRT FEMME D\u00c9BARDEUR \u00c9TOILES - Mediterranean Wear","og_description":"T-shirt 100% coton pour femme, d\u00e9bardeur, lav\u00e9es et vieillies, imprim\u00e9 et\u00f4iles, couleur terracota..","og_url":"https:\/\/mediterraneanwear.com\/fr\/producto\/t-shirt-femme-soleil-copia\/","og_site_name":"Mediterranean Wear","article_publisher":"https:\/\/www.facebook.com\/mediterraneanwear\/","article_modified_time":"2025-08-30T16:25:18+00:00","og_image":[{"width":1080,"height":1080,"url":"https:\/\/mediterraneanwear.com\/wp-content\/uploads\/2025\/07\/ref-8713-3461.png","type":"image\/png"}],"twitter_card":"summary_large_image","schema":{"@context":"https:\/\/schema.org","@graph":[{"@type":"WebPage","@id":"https:\/\/mediterraneanwear.com\/fr\/producto\/t-shirt-femme-soleil-copia\/","url":"https:\/\/mediterraneanwear.com\/fr\/producto\/t-shirt-femme-soleil-copia\/","name":"T-SHIRT FEMME D\u00c9BARDEUR \u00c9TOILES - Mediterranean Wear","isPartOf":{"@id":"https:\/\/mediterraneanwear.com\/fr\/#website"},"primaryImageOfPage":{"@id":"https:\/\/mediterraneanwear.com\/fr\/producto\/t-shirt-femme-soleil-copia\/#primaryimage"},"image":{"@id":"https:\/\/mediterraneanwear.com\/fr\/producto\/t-shirt-femme-soleil-copia\/#primaryimage"},"thumbnailUrl":"https:\/\/mediterraneanwear.com\/wp-content\/uploads\/2025\/07\/ref-8713-3461.png","datePublished":"2025-07-27T07:49:07+00:00","dateModified":"2025-08-30T16:25:18+00:00","breadcrumb":{"@id":"https:\/\/mediterraneanwear.com\/fr\/producto\/t-shirt-femme-soleil-copia\/#breadcrumb"},"inLanguage":"fr-FR","potentialAction":[{"@type":"ReadAction","target":["https:\/\/mediterraneanwear.com\/fr\/producto\/t-shirt-femme-soleil-copia\/"]}]},{"@type":"ImageObject","inLanguage":"fr-FR","@id":"https:\/\/mediterraneanwear.com\/fr\/producto\/t-shirt-femme-soleil-copia\/#primaryimage","url":"https:\/\/mediterraneanwear.com\/wp-content\/uploads\/2025\/07\/ref-8713-3461.png","contentUrl":"https:\/\/mediterraneanwear.com\/wp-content\/uploads\/2025\/07\/ref-8713-3461.png","width":1080,"height":1080},{"@type":"BreadcrumbList","@id":"https:\/\/mediterraneanwear.com\/fr\/producto\/t-shirt-femme-soleil-copia\/#breadcrumb","itemListElement":[{"@type":"ListItem","position":1,"name":"Portada","item":"https:\/\/mediterraneanwear.com\/fr\/"},{"@type":"ListItem","position":2,"name":"Magasin","item":"https:\/\/mediterraneanwear.com\/fr\/magasin\/"},{"@type":"ListItem","position":3,"name":"T-SHIRT FEMME D\u00c9BARDEUR \u00c9TOILES"}]},{"@type":"WebSite","@id":"https:\/\/mediterraneanwear.com\/fr\/#website","url":"https:\/\/mediterraneanwear.com\/fr\/","name":"Mediterranean Wear","description":"Mediterranean Wear","publisher":{"@id":"https:\/\/mediterraneanwear.com\/fr\/#organization"},"potentialAction":[{"@type":"SearchAction","target":{"@type":"EntryPoint","urlTemplate":"https:\/\/mediterraneanwear.com\/fr\/?s={search_term_string}"},"query-input":{"@type":"PropertyValueSpecification","valueRequired":true,"valueName":"search_term_string"}}],"inLanguage":"fr-FR"},{"@type":"Organization","@id":"https:\/\/mediterraneanwear.com\/fr\/#organization","name":"Mediterranean Wear","url":"https:\/\/mediterraneanwear.com\/fr\/","logo":{"@type":"ImageObject","inLanguage":"fr-FR","@id":"https:\/\/mediterraneanwear.com\/fr\/#\/schema\/logo\/image\/","url":"https:\/\/mediterraneanwear.com\/wp-content\/uploads\/2025\/05\/LOGO-MediterraneanWear_2.png","contentUrl":"https:\/\/mediterraneanwear.com\/wp-content\/uploads\/2025\/05\/LOGO-MediterraneanWear_2.png","width":566,"height":81,"caption":"Mediterranean Wear"},"image":{"@id":"https:\/\/mediterraneanwear.com\/fr\/#\/schema\/logo\/image\/"},"sameAs":["https:\/\/www.facebook.com\/mediterraneanwear\/","https:\/\/www.instagram.com\/mediterraneanwear\/"]}]}},"_links":{"self":[{"href":"https:\/\/mediterraneanwear.com\/fr\/wp-json\/wp\/v2\/product\/11768","targetHints":{"allow":["GET"]}}],"collection":[{"href":"https:\/\/mediterraneanwear.com\/fr\/wp-json\/wp\/v2\/product"}],"about":[{"href":"https:\/\/mediterraneanwear.com\/fr\/wp-json\/wp\/v2\/types\/product"}],"wp:featuredmedia":[{"embeddable":true,"href":"https:\/\/mediterraneanwear.com\/fr\/wp-json\/wp\/v2\/media\/11777"}],"wp:attachment":[{"href":"https:\/\/mediterraneanwear.com\/fr\/wp-json\/wp\/v2\/media?parent=11768"}],"wp:term":[{"taxonomy":"product_brand","embeddable":true,"href":"https:\/\/mediterraneanwear.com\/fr\/wp-json\/wp\/v2\/product_brand?post=11768"},{"taxonomy":"product_cat","embeddable":true,"href":"https:\/\/mediterraneanwear.com\/fr\/wp-json\/wp\/v2\/product_cat?post=11768"},{"taxonomy":"product_tag","embeddable":true,"href":"https:\/\/mediterraneanwear.com\/fr\/wp-json\/wp\/v2\/product_tag?post=11768"}],"curies":[{"name":"wp","href":"https:\/\/api.w.org\/{rel}","templated":true}]}}