{"id":11995,"date":"2025-08-31T09:02:15","date_gmt":"2025-08-31T08:02:15","guid":{"rendered":"https:\/\/mediterraneanwear.com\/?post_type=product&#038;p=11995"},"modified":"2025-09-03T09:24:23","modified_gmt":"2025-09-03T08:24:23","slug":"tote-mediterraneanwear","status":"publish","type":"product","link":"https:\/\/mediterraneanwear.com\/fr\/producto\/tote-mediterraneanwear\/","title":{"rendered":"TOTE MEDITERRANEANWEAR"},"content":{"rendered":"<p>Sac cabas en coton confortable et practique, orn\u00e9 d&rsquo;un imprim\u00e9\u00a0 Mediterraneanwear . Vous pourrez l&rsquo;utiliser pour toutes vos envies ; vous serez \u00e9tonn\u00e9 de son utilit\u00e9 (il est parfait pour tout, tant qu&rsquo;il y a de la place).<\/p>\n<p>&nbsp;<\/p>\n<p>Vous repartirez avec un v\u00eatement m\u00e9diterran\u00e9en qui vous rappellera son essence m\u00e9diterran\u00e9enne et transportera vos plus pr\u00e9cieux souvenirs.<\/p>\n","protected":false},"excerpt":{"rendered":"<p>Sac cabas en coton confortable et practique, orn\u00e9 d&rsquo;un imprim\u00e9\u00a0 Mediterraneanwear . Vous pourrez l&rsquo;utiliser pour toutes vos envies ; vous serez \u00e9tonn\u00e9 de son utilit\u00e9 (il est parfait pour tout, tant qu&rsquo;il y a de la place).<\/p>\n<p>&nbsp;<\/p>\n<p>Vous repartirez avec un v\u00eatement m\u00e9diterran\u00e9en qui vous rappellera son essence m\u00e9diterran\u00e9enne et transportera vos plus pr\u00e9cieux souvenirs.<\/p>\n","protected":false},"featured_media":11936,"template":"","meta":[],"product_brand":[],"product_cat":[414,410],"product_tag":[298],"class_list":{"0":"post-11995","1":"product","2":"type-product","3":"status-publish","4":"has-post-thumbnail","6":"product_cat-accessoires","7":"product_cat-nouvelles","8":"product_tag-sargantana-fr","10":"first","11":"instock","12":"taxable","13":"shipping-taxable","14":"purchasable","15":"product-type-simple"},"yoast_head":"<!-- This site is optimized with the Yoast SEO plugin v27.4 - https:\/\/yoast.com\/product\/yoast-seo-wordpress\/ -->\n<title>TOTE MEDITERRANEANWEAR - Mediterranean Wear<\/title>\n<meta name=\"robots\" content=\"index, follow, max-snippet:-1, max-image-preview:large, max-video-preview:-1\" \/>\n<link rel=\"canonical\" href=\"https:\/\/mediterraneanwear.com\/fr\/producto\/tote-mediterraneanwear\/\" \/>\n<meta property=\"og:locale\" content=\"fr_FR\" \/>\n<meta property=\"og:type\" content=\"article\" \/>\n<meta property=\"og:title\" content=\"TOTE MEDITERRANEANWEAR - Mediterranean Wear\" \/>\n<meta property=\"og:description\" content=\"Sac cabas en coton confortable et practique, orn\u00e9 d&#039;un imprim\u00e9\u00a0 Mediterraneanwear . Vous pourrez l&#039;utiliser pour toutes vos envies ; vous serez \u00e9tonn\u00e9 de son utilit\u00e9 (il est parfait pour tout, tant qu&#039;il y a de la place).  &nbsp;  Vous repartirez avec un v\u00eatement m\u00e9diterran\u00e9en qui vous rappellera son essence m\u00e9diterran\u00e9enne et transportera vos plus pr\u00e9cieux souvenirs.\" \/>\n<meta property=\"og:url\" content=\"https:\/\/mediterraneanwear.com\/fr\/producto\/tote-mediterraneanwear\/\" \/>\n<meta property=\"og:site_name\" content=\"Mediterranean Wear\" \/>\n<meta property=\"article:publisher\" content=\"https:\/\/www.facebook.com\/mediterraneanwear\/\" \/>\n<meta property=\"article:modified_time\" content=\"2025-09-03T08:24:23+00:00\" \/>\n<meta property=\"og:image\" content=\"https:\/\/mediterraneanwear.com\/wp-content\/uploads\/2025\/08\/bossa.png\" \/>\n\t<meta property=\"og:image:width\" content=\"1080\" \/>\n\t<meta property=\"og:image:height\" content=\"1080\" \/>\n\t<meta property=\"og:image:type\" content=\"image\/png\" \/>\n<meta name=\"twitter:card\" content=\"summary_large_image\" \/>\n<meta name=\"twitter:label1\" content=\"Dur\u00e9e de lecture estim\u00e9e\" \/>\n\t<meta name=\"twitter:data1\" content=\"1 minute\" \/>\n<script type=\"application\/ld+json\" class=\"yoast-schema-graph\">{\"@context\":\"https:\\\/\\\/schema.org\",\"@graph\":[{\"@type\":\"WebPage\",\"@id\":\"https:\\\/\\\/mediterraneanwear.com\\\/fr\\\/producto\\\/tote-mediterraneanwear\\\/\",\"url\":\"https:\\\/\\\/mediterraneanwear.com\\\/fr\\\/producto\\\/tote-mediterraneanwear\\\/\",\"name\":\"TOTE MEDITERRANEANWEAR - Mediterranean Wear\",\"isPartOf\":{\"@id\":\"https:\\\/\\\/mediterraneanwear.com\\\/fr\\\/#website\"},\"primaryImageOfPage\":{\"@id\":\"https:\\\/\\\/mediterraneanwear.com\\\/fr\\\/producto\\\/tote-mediterraneanwear\\\/#primaryimage\"},\"image\":{\"@id\":\"https:\\\/\\\/mediterraneanwear.com\\\/fr\\\/producto\\\/tote-mediterraneanwear\\\/#primaryimage\"},\"thumbnailUrl\":\"https:\\\/\\\/mediterraneanwear.com\\\/wp-content\\\/uploads\\\/2025\\\/08\\\/bossa.png\",\"datePublished\":\"2025-08-31T08:02:15+00:00\",\"dateModified\":\"2025-09-03T08:24:23+00:00\",\"breadcrumb\":{\"@id\":\"https:\\\/\\\/mediterraneanwear.com\\\/fr\\\/producto\\\/tote-mediterraneanwear\\\/#breadcrumb\"},\"inLanguage\":\"fr-FR\",\"potentialAction\":[{\"@type\":\"ReadAction\",\"target\":[\"https:\\\/\\\/mediterraneanwear.com\\\/fr\\\/producto\\\/tote-mediterraneanwear\\\/\"]}]},{\"@type\":\"ImageObject\",\"inLanguage\":\"fr-FR\",\"@id\":\"https:\\\/\\\/mediterraneanwear.com\\\/fr\\\/producto\\\/tote-mediterraneanwear\\\/#primaryimage\",\"url\":\"https:\\\/\\\/mediterraneanwear.com\\\/wp-content\\\/uploads\\\/2025\\\/08\\\/bossa.png\",\"contentUrl\":\"https:\\\/\\\/mediterraneanwear.com\\\/wp-content\\\/uploads\\\/2025\\\/08\\\/bossa.png\",\"width\":1080,\"height\":1080},{\"@type\":\"BreadcrumbList\",\"@id\":\"https:\\\/\\\/mediterraneanwear.com\\\/fr\\\/producto\\\/tote-mediterraneanwear\\\/#breadcrumb\",\"itemListElement\":[{\"@type\":\"ListItem\",\"position\":1,\"name\":\"Portada\",\"item\":\"https:\\\/\\\/mediterraneanwear.com\\\/fr\\\/\"},{\"@type\":\"ListItem\",\"position\":2,\"name\":\"Magasin\",\"item\":\"https:\\\/\\\/mediterraneanwear.com\\\/fr\\\/magasin\\\/\"},{\"@type\":\"ListItem\",\"position\":3,\"name\":\"TOTE MEDITERRANEANWEAR\"}]},{\"@type\":\"WebSite\",\"@id\":\"https:\\\/\\\/mediterraneanwear.com\\\/fr\\\/#website\",\"url\":\"https:\\\/\\\/mediterraneanwear.com\\\/fr\\\/\",\"name\":\"Mediterranean Wear\",\"description\":\"Mediterranean Wear\",\"publisher\":{\"@id\":\"https:\\\/\\\/mediterraneanwear.com\\\/fr\\\/#organization\"},\"potentialAction\":[{\"@type\":\"SearchAction\",\"target\":{\"@type\":\"EntryPoint\",\"urlTemplate\":\"https:\\\/\\\/mediterraneanwear.com\\\/fr\\\/?s={search_term_string}\"},\"query-input\":{\"@type\":\"PropertyValueSpecification\",\"valueRequired\":true,\"valueName\":\"search_term_string\"}}],\"inLanguage\":\"fr-FR\"},{\"@type\":\"Organization\",\"@id\":\"https:\\\/\\\/mediterraneanwear.com\\\/fr\\\/#organization\",\"name\":\"Mediterranean Wear\",\"url\":\"https:\\\/\\\/mediterraneanwear.com\\\/fr\\\/\",\"logo\":{\"@type\":\"ImageObject\",\"inLanguage\":\"fr-FR\",\"@id\":\"https:\\\/\\\/mediterraneanwear.com\\\/fr\\\/#\\\/schema\\\/logo\\\/image\\\/\",\"url\":\"https:\\\/\\\/mediterraneanwear.com\\\/wp-content\\\/uploads\\\/2025\\\/05\\\/LOGO-MediterraneanWear_2.png\",\"contentUrl\":\"https:\\\/\\\/mediterraneanwear.com\\\/wp-content\\\/uploads\\\/2025\\\/05\\\/LOGO-MediterraneanWear_2.png\",\"width\":566,\"height\":81,\"caption\":\"Mediterranean Wear\"},\"image\":{\"@id\":\"https:\\\/\\\/mediterraneanwear.com\\\/fr\\\/#\\\/schema\\\/logo\\\/image\\\/\"},\"sameAs\":[\"https:\\\/\\\/www.facebook.com\\\/mediterraneanwear\\\/\",\"https:\\\/\\\/www.instagram.com\\\/mediterraneanwear\\\/\"]}]}<\/script>\n<!-- \/ Yoast SEO plugin. -->","yoast_head_json":{"title":"TOTE MEDITERRANEANWEAR - Mediterranean Wear","robots":{"index":"index","follow":"follow","max-snippet":"max-snippet:-1","max-image-preview":"max-image-preview:large","max-video-preview":"max-video-preview:-1"},"canonical":"https:\/\/mediterraneanwear.com\/fr\/producto\/tote-mediterraneanwear\/","og_locale":"fr_FR","og_type":"article","og_title":"TOTE MEDITERRANEANWEAR - Mediterranean Wear","og_description":"Sac cabas en coton confortable et practique, orn\u00e9 d'un imprim\u00e9\u00a0 Mediterraneanwear . Vous pourrez l'utiliser pour toutes vos envies ; vous serez \u00e9tonn\u00e9 de son utilit\u00e9 (il est parfait pour tout, tant qu'il y a de la place).  &nbsp;  Vous repartirez avec un v\u00eatement m\u00e9diterran\u00e9en qui vous rappellera son essence m\u00e9diterran\u00e9enne et transportera vos plus pr\u00e9cieux souvenirs.","og_url":"https:\/\/mediterraneanwear.com\/fr\/producto\/tote-mediterraneanwear\/","og_site_name":"Mediterranean Wear","article_publisher":"https:\/\/www.facebook.com\/mediterraneanwear\/","article_modified_time":"2025-09-03T08:24:23+00:00","og_image":[{"width":1080,"height":1080,"url":"https:\/\/mediterraneanwear.com\/wp-content\/uploads\/2025\/08\/bossa.png","type":"image\/png"}],"twitter_card":"summary_large_image","twitter_misc":{"Dur\u00e9e de lecture estim\u00e9e":"1 minute"},"schema":{"@context":"https:\/\/schema.org","@graph":[{"@type":"WebPage","@id":"https:\/\/mediterraneanwear.com\/fr\/producto\/tote-mediterraneanwear\/","url":"https:\/\/mediterraneanwear.com\/fr\/producto\/tote-mediterraneanwear\/","name":"TOTE MEDITERRANEANWEAR - Mediterranean Wear","isPartOf":{"@id":"https:\/\/mediterraneanwear.com\/fr\/#website"},"primaryImageOfPage":{"@id":"https:\/\/mediterraneanwear.com\/fr\/producto\/tote-mediterraneanwear\/#primaryimage"},"image":{"@id":"https:\/\/mediterraneanwear.com\/fr\/producto\/tote-mediterraneanwear\/#primaryimage"},"thumbnailUrl":"https:\/\/mediterraneanwear.com\/wp-content\/uploads\/2025\/08\/bossa.png","datePublished":"2025-08-31T08:02:15+00:00","dateModified":"2025-09-03T08:24:23+00:00","breadcrumb":{"@id":"https:\/\/mediterraneanwear.com\/fr\/producto\/tote-mediterraneanwear\/#breadcrumb"},"inLanguage":"fr-FR","potentialAction":[{"@type":"ReadAction","target":["https:\/\/mediterraneanwear.com\/fr\/producto\/tote-mediterraneanwear\/"]}]},{"@type":"ImageObject","inLanguage":"fr-FR","@id":"https:\/\/mediterraneanwear.com\/fr\/producto\/tote-mediterraneanwear\/#primaryimage","url":"https:\/\/mediterraneanwear.com\/wp-content\/uploads\/2025\/08\/bossa.png","contentUrl":"https:\/\/mediterraneanwear.com\/wp-content\/uploads\/2025\/08\/bossa.png","width":1080,"height":1080},{"@type":"BreadcrumbList","@id":"https:\/\/mediterraneanwear.com\/fr\/producto\/tote-mediterraneanwear\/#breadcrumb","itemListElement":[{"@type":"ListItem","position":1,"name":"Portada","item":"https:\/\/mediterraneanwear.com\/fr\/"},{"@type":"ListItem","position":2,"name":"Magasin","item":"https:\/\/mediterraneanwear.com\/fr\/magasin\/"},{"@type":"ListItem","position":3,"name":"TOTE MEDITERRANEANWEAR"}]},{"@type":"WebSite","@id":"https:\/\/mediterraneanwear.com\/fr\/#website","url":"https:\/\/mediterraneanwear.com\/fr\/","name":"Mediterranean Wear","description":"Mediterranean Wear","publisher":{"@id":"https:\/\/mediterraneanwear.com\/fr\/#organization"},"potentialAction":[{"@type":"SearchAction","target":{"@type":"EntryPoint","urlTemplate":"https:\/\/mediterraneanwear.com\/fr\/?s={search_term_string}"},"query-input":{"@type":"PropertyValueSpecification","valueRequired":true,"valueName":"search_term_string"}}],"inLanguage":"fr-FR"},{"@type":"Organization","@id":"https:\/\/mediterraneanwear.com\/fr\/#organization","name":"Mediterranean Wear","url":"https:\/\/mediterraneanwear.com\/fr\/","logo":{"@type":"ImageObject","inLanguage":"fr-FR","@id":"https:\/\/mediterraneanwear.com\/fr\/#\/schema\/logo\/image\/","url":"https:\/\/mediterraneanwear.com\/wp-content\/uploads\/2025\/05\/LOGO-MediterraneanWear_2.png","contentUrl":"https:\/\/mediterraneanwear.com\/wp-content\/uploads\/2025\/05\/LOGO-MediterraneanWear_2.png","width":566,"height":81,"caption":"Mediterranean Wear"},"image":{"@id":"https:\/\/mediterraneanwear.com\/fr\/#\/schema\/logo\/image\/"},"sameAs":["https:\/\/www.facebook.com\/mediterraneanwear\/","https:\/\/www.instagram.com\/mediterraneanwear\/"]}]}},"_links":{"self":[{"href":"https:\/\/mediterraneanwear.com\/fr\/wp-json\/wp\/v2\/product\/11995","targetHints":{"allow":["GET"]}}],"collection":[{"href":"https:\/\/mediterraneanwear.com\/fr\/wp-json\/wp\/v2\/product"}],"about":[{"href":"https:\/\/mediterraneanwear.com\/fr\/wp-json\/wp\/v2\/types\/product"}],"wp:featuredmedia":[{"embeddable":true,"href":"https:\/\/mediterraneanwear.com\/fr\/wp-json\/wp\/v2\/media\/11936"}],"wp:attachment":[{"href":"https:\/\/mediterraneanwear.com\/fr\/wp-json\/wp\/v2\/media?parent=11995"}],"wp:term":[{"taxonomy":"product_brand","embeddable":true,"href":"https:\/\/mediterraneanwear.com\/fr\/wp-json\/wp\/v2\/product_brand?post=11995"},{"taxonomy":"product_cat","embeddable":true,"href":"https:\/\/mediterraneanwear.com\/fr\/wp-json\/wp\/v2\/product_cat?post=11995"},{"taxonomy":"product_tag","embeddable":true,"href":"https:\/\/mediterraneanwear.com\/fr\/wp-json\/wp\/v2\/product_tag?post=11995"}],"curies":[{"name":"wp","href":"https:\/\/api.w.org\/{rel}","templated":true}]}}