{"id":13259,"date":"2026-04-16T17:30:08","date_gmt":"2026-04-16T16:30:08","guid":{"rendered":"https:\/\/mediterraneanwear.com\/?post_type=product&#038;p=13259"},"modified":"2026-04-16T17:30:10","modified_gmt":"2026-04-16T16:30:10","slug":"t-shirt-bateaux","status":"publish","type":"product","link":"https:\/\/mediterraneanwear.com\/fr\/producto\/t-shirt-bateaux\/","title":{"rendered":"T-SHIRT BATEAUX"},"content":{"rendered":"<p>T-shirt unisexe 100% coton, marque Sargantana, d\u00e9lavage vieilli, manches courtes, imprim\u00e9 bateau de p\u00eache, bleu indigo.<\/p>\n","protected":false},"excerpt":{"rendered":"<p>T-shirt unisexe 100% coton, marque Sargantana, d\u00e9lavage vieilli, manches courtes, imprim\u00e9 bateau de p\u00eache, bleu indigo.<\/p>\n","protected":false},"featured_media":13240,"template":"","meta":[],"product_brand":[],"product_cat":[410,348],"product_tag":[298],"class_list":{"0":"post-13259","1":"product","2":"type-product","3":"status-publish","4":"has-post-thumbnail","6":"product_cat-nouvelles","7":"product_cat-t-shirts-unisexe","8":"product_tag-sargantana-fr","9":"pa_talla-l","10":"pa_talla-m","11":"pa_talla-s","12":"pa_talla-xl","13":"pa_talla-xxl","14":"pa_talla-xxxl","16":"first","17":"instock","18":"taxable","19":"shipping-taxable","20":"purchasable","21":"product-type-variable"},"yoast_head":"<!-- This site is optimized with the Yoast SEO plugin v27.4 - https:\/\/yoast.com\/product\/yoast-seo-wordpress\/ -->\n<title>T-SHIRT BATEAUX - Mediterranean Wear<\/title>\n<meta name=\"robots\" content=\"index, follow, max-snippet:-1, max-image-preview:large, max-video-preview:-1\" \/>\n<link rel=\"canonical\" href=\"https:\/\/mediterraneanwear.com\/fr\/producto\/t-shirt-bateaux\/\" \/>\n<meta property=\"og:locale\" content=\"fr_FR\" \/>\n<meta property=\"og:type\" content=\"article\" \/>\n<meta property=\"og:title\" content=\"T-SHIRT BATEAUX - Mediterranean Wear\" \/>\n<meta property=\"og:description\" content=\"T-shirt unisexe 100% coton, marque Sargantana, d\u00e9lavage vieilli, manches courtes, imprim\u00e9 bateau de p\u00eache, bleu indigo.\" \/>\n<meta property=\"og:url\" content=\"https:\/\/mediterraneanwear.com\/fr\/producto\/t-shirt-bateaux\/\" \/>\n<meta property=\"og:site_name\" content=\"Mediterranean Wear\" \/>\n<meta property=\"article:publisher\" content=\"https:\/\/www.facebook.com\/mediterraneanwear\/\" \/>\n<meta property=\"article:modified_time\" content=\"2026-04-16T16:30:10+00:00\" \/>\n<meta name=\"twitter:card\" content=\"summary_large_image\" \/>\n<script type=\"application\/ld+json\" class=\"yoast-schema-graph\">{\"@context\":\"https:\\\/\\\/schema.org\",\"@graph\":[{\"@type\":\"WebPage\",\"@id\":\"https:\\\/\\\/mediterraneanwear.com\\\/fr\\\/producto\\\/t-shirt-bateaux\\\/\",\"url\":\"https:\\\/\\\/mediterraneanwear.com\\\/fr\\\/producto\\\/t-shirt-bateaux\\\/\",\"name\":\"T-SHIRT BATEAUX - Mediterranean Wear\",\"isPartOf\":{\"@id\":\"https:\\\/\\\/mediterraneanwear.com\\\/fr\\\/#website\"},\"primaryImageOfPage\":{\"@id\":\"https:\\\/\\\/mediterraneanwear.com\\\/fr\\\/producto\\\/t-shirt-bateaux\\\/#primaryimage\"},\"image\":{\"@id\":\"https:\\\/\\\/mediterraneanwear.com\\\/fr\\\/producto\\\/t-shirt-bateaux\\\/#primaryimage\"},\"thumbnailUrl\":\"https:\\\/\\\/mediterraneanwear.com\\\/wp-content\\\/uploads\\\/2026\\\/04\\\/Samarreta-8501-3045.png\",\"datePublished\":\"2026-04-16T16:30:08+00:00\",\"dateModified\":\"2026-04-16T16:30:10+00:00\",\"breadcrumb\":{\"@id\":\"https:\\\/\\\/mediterraneanwear.com\\\/fr\\\/producto\\\/t-shirt-bateaux\\\/#breadcrumb\"},\"inLanguage\":\"fr-FR\",\"potentialAction\":[{\"@type\":\"ReadAction\",\"target\":[\"https:\\\/\\\/mediterraneanwear.com\\\/fr\\\/producto\\\/t-shirt-bateaux\\\/\"]}]},{\"@type\":\"ImageObject\",\"inLanguage\":\"fr-FR\",\"@id\":\"https:\\\/\\\/mediterraneanwear.com\\\/fr\\\/producto\\\/t-shirt-bateaux\\\/#primaryimage\",\"url\":\"https:\\\/\\\/mediterraneanwear.com\\\/wp-content\\\/uploads\\\/2026\\\/04\\\/Samarreta-8501-3045.png\",\"contentUrl\":\"https:\\\/\\\/mediterraneanwear.com\\\/wp-content\\\/uploads\\\/2026\\\/04\\\/Samarreta-8501-3045.png\",\"width\":1086,\"height\":1448},{\"@type\":\"BreadcrumbList\",\"@id\":\"https:\\\/\\\/mediterraneanwear.com\\\/fr\\\/producto\\\/t-shirt-bateaux\\\/#breadcrumb\",\"itemListElement\":[{\"@type\":\"ListItem\",\"position\":1,\"name\":\"Portada\",\"item\":\"https:\\\/\\\/mediterraneanwear.com\\\/fr\\\/\"},{\"@type\":\"ListItem\",\"position\":2,\"name\":\"Magasin\",\"item\":\"https:\\\/\\\/mediterraneanwear.com\\\/fr\\\/magasin\\\/\"},{\"@type\":\"ListItem\",\"position\":3,\"name\":\"T-SHIRT BATEAUX\"}]},{\"@type\":\"WebSite\",\"@id\":\"https:\\\/\\\/mediterraneanwear.com\\\/fr\\\/#website\",\"url\":\"https:\\\/\\\/mediterraneanwear.com\\\/fr\\\/\",\"name\":\"Mediterranean Wear\",\"description\":\"Mediterranean Wear\",\"publisher\":{\"@id\":\"https:\\\/\\\/mediterraneanwear.com\\\/fr\\\/#organization\"},\"potentialAction\":[{\"@type\":\"SearchAction\",\"target\":{\"@type\":\"EntryPoint\",\"urlTemplate\":\"https:\\\/\\\/mediterraneanwear.com\\\/fr\\\/?s={search_term_string}\"},\"query-input\":{\"@type\":\"PropertyValueSpecification\",\"valueRequired\":true,\"valueName\":\"search_term_string\"}}],\"inLanguage\":\"fr-FR\"},{\"@type\":\"Organization\",\"@id\":\"https:\\\/\\\/mediterraneanwear.com\\\/fr\\\/#organization\",\"name\":\"Mediterranean Wear\",\"url\":\"https:\\\/\\\/mediterraneanwear.com\\\/fr\\\/\",\"logo\":{\"@type\":\"ImageObject\",\"inLanguage\":\"fr-FR\",\"@id\":\"https:\\\/\\\/mediterraneanwear.com\\\/fr\\\/#\\\/schema\\\/logo\\\/image\\\/\",\"url\":\"https:\\\/\\\/mediterraneanwear.com\\\/wp-content\\\/uploads\\\/2025\\\/05\\\/LOGO-MediterraneanWear_2.png\",\"contentUrl\":\"https:\\\/\\\/mediterraneanwear.com\\\/wp-content\\\/uploads\\\/2025\\\/05\\\/LOGO-MediterraneanWear_2.png\",\"width\":566,\"height\":81,\"caption\":\"Mediterranean Wear\"},\"image\":{\"@id\":\"https:\\\/\\\/mediterraneanwear.com\\\/fr\\\/#\\\/schema\\\/logo\\\/image\\\/\"},\"sameAs\":[\"https:\\\/\\\/www.facebook.com\\\/mediterraneanwear\\\/\",\"https:\\\/\\\/www.instagram.com\\\/mediterraneanwear\\\/\"]}]}<\/script>\n<!-- \/ Yoast SEO plugin. -->","yoast_head_json":{"title":"T-SHIRT BATEAUX - Mediterranean Wear","robots":{"index":"index","follow":"follow","max-snippet":"max-snippet:-1","max-image-preview":"max-image-preview:large","max-video-preview":"max-video-preview:-1"},"canonical":"https:\/\/mediterraneanwear.com\/fr\/producto\/t-shirt-bateaux\/","og_locale":"fr_FR","og_type":"article","og_title":"T-SHIRT BATEAUX - Mediterranean Wear","og_description":"T-shirt unisexe 100% coton, marque Sargantana, d\u00e9lavage vieilli, manches courtes, imprim\u00e9 bateau de p\u00eache, bleu indigo.","og_url":"https:\/\/mediterraneanwear.com\/fr\/producto\/t-shirt-bateaux\/","og_site_name":"Mediterranean Wear","article_publisher":"https:\/\/www.facebook.com\/mediterraneanwear\/","article_modified_time":"2026-04-16T16:30:10+00:00","twitter_card":"summary_large_image","schema":{"@context":"https:\/\/schema.org","@graph":[{"@type":"WebPage","@id":"https:\/\/mediterraneanwear.com\/fr\/producto\/t-shirt-bateaux\/","url":"https:\/\/mediterraneanwear.com\/fr\/producto\/t-shirt-bateaux\/","name":"T-SHIRT BATEAUX - Mediterranean Wear","isPartOf":{"@id":"https:\/\/mediterraneanwear.com\/fr\/#website"},"primaryImageOfPage":{"@id":"https:\/\/mediterraneanwear.com\/fr\/producto\/t-shirt-bateaux\/#primaryimage"},"image":{"@id":"https:\/\/mediterraneanwear.com\/fr\/producto\/t-shirt-bateaux\/#primaryimage"},"thumbnailUrl":"https:\/\/mediterraneanwear.com\/wp-content\/uploads\/2026\/04\/Samarreta-8501-3045.png","datePublished":"2026-04-16T16:30:08+00:00","dateModified":"2026-04-16T16:30:10+00:00","breadcrumb":{"@id":"https:\/\/mediterraneanwear.com\/fr\/producto\/t-shirt-bateaux\/#breadcrumb"},"inLanguage":"fr-FR","potentialAction":[{"@type":"ReadAction","target":["https:\/\/mediterraneanwear.com\/fr\/producto\/t-shirt-bateaux\/"]}]},{"@type":"ImageObject","inLanguage":"fr-FR","@id":"https:\/\/mediterraneanwear.com\/fr\/producto\/t-shirt-bateaux\/#primaryimage","url":"https:\/\/mediterraneanwear.com\/wp-content\/uploads\/2026\/04\/Samarreta-8501-3045.png","contentUrl":"https:\/\/mediterraneanwear.com\/wp-content\/uploads\/2026\/04\/Samarreta-8501-3045.png","width":1086,"height":1448},{"@type":"BreadcrumbList","@id":"https:\/\/mediterraneanwear.com\/fr\/producto\/t-shirt-bateaux\/#breadcrumb","itemListElement":[{"@type":"ListItem","position":1,"name":"Portada","item":"https:\/\/mediterraneanwear.com\/fr\/"},{"@type":"ListItem","position":2,"name":"Magasin","item":"https:\/\/mediterraneanwear.com\/fr\/magasin\/"},{"@type":"ListItem","position":3,"name":"T-SHIRT BATEAUX"}]},{"@type":"WebSite","@id":"https:\/\/mediterraneanwear.com\/fr\/#website","url":"https:\/\/mediterraneanwear.com\/fr\/","name":"Mediterranean Wear","description":"Mediterranean Wear","publisher":{"@id":"https:\/\/mediterraneanwear.com\/fr\/#organization"},"potentialAction":[{"@type":"SearchAction","target":{"@type":"EntryPoint","urlTemplate":"https:\/\/mediterraneanwear.com\/fr\/?s={search_term_string}"},"query-input":{"@type":"PropertyValueSpecification","valueRequired":true,"valueName":"search_term_string"}}],"inLanguage":"fr-FR"},{"@type":"Organization","@id":"https:\/\/mediterraneanwear.com\/fr\/#organization","name":"Mediterranean Wear","url":"https:\/\/mediterraneanwear.com\/fr\/","logo":{"@type":"ImageObject","inLanguage":"fr-FR","@id":"https:\/\/mediterraneanwear.com\/fr\/#\/schema\/logo\/image\/","url":"https:\/\/mediterraneanwear.com\/wp-content\/uploads\/2025\/05\/LOGO-MediterraneanWear_2.png","contentUrl":"https:\/\/mediterraneanwear.com\/wp-content\/uploads\/2025\/05\/LOGO-MediterraneanWear_2.png","width":566,"height":81,"caption":"Mediterranean Wear"},"image":{"@id":"https:\/\/mediterraneanwear.com\/fr\/#\/schema\/logo\/image\/"},"sameAs":["https:\/\/www.facebook.com\/mediterraneanwear\/","https:\/\/www.instagram.com\/mediterraneanwear\/"]}]}},"_links":{"self":[{"href":"https:\/\/mediterraneanwear.com\/fr\/wp-json\/wp\/v2\/product\/13259","targetHints":{"allow":["GET"]}}],"collection":[{"href":"https:\/\/mediterraneanwear.com\/fr\/wp-json\/wp\/v2\/product"}],"about":[{"href":"https:\/\/mediterraneanwear.com\/fr\/wp-json\/wp\/v2\/types\/product"}],"wp:featuredmedia":[{"embeddable":true,"href":"https:\/\/mediterraneanwear.com\/fr\/wp-json\/wp\/v2\/media\/13240"}],"wp:attachment":[{"href":"https:\/\/mediterraneanwear.com\/fr\/wp-json\/wp\/v2\/media?parent=13259"}],"wp:term":[{"taxonomy":"product_brand","embeddable":true,"href":"https:\/\/mediterraneanwear.com\/fr\/wp-json\/wp\/v2\/product_brand?post=13259"},{"taxonomy":"product_cat","embeddable":true,"href":"https:\/\/mediterraneanwear.com\/fr\/wp-json\/wp\/v2\/product_cat?post=13259"},{"taxonomy":"product_tag","embeddable":true,"href":"https:\/\/mediterraneanwear.com\/fr\/wp-json\/wp\/v2\/product_tag?post=13259"}],"curies":[{"name":"wp","href":"https:\/\/api.w.org\/{rel}","templated":true}]}}